{"id":11,"date":"2023-08-10T08:34:13","date_gmt":"2023-08-10T08:34:13","guid":{"rendered":"https:\/\/store.trektours.app\/cart\/"},"modified":"2023-10-19T07:35:02","modified_gmt":"2023-10-19T07:35:02","slug":"cart","status":"publish","type":"page","link":"https:\/\/store.trektours.app\/lt\/cart\/","title":{"rendered":"Krep\u0161elis"},"content":{"rendered":"\t\t<div data-elementor-type=\"wp-page\" data-elementor-id=\"11\" class=\"elementor elementor-11\" data-elementor-post-type=\"page\">\n\t\t\t\t\t\t<section class=\"elementor-section elementor-top-section elementor-element elementor-element-4e1aadc elementor-section-boxed elementor-section-height-default elementor-section-height-default\" data-id=\"4e1aadc\" data-element_type=\"section\" data-e-type=\"section\">\n\t\t\t\t\t\t<div class=\"elementor-container elementor-column-gap-default\">\n\t\t\t\t\t<div class=\"elementor-column elementor-col-100 elementor-top-column elementor-element elementor-element-96f8c99\" data-id=\"96f8c99\" data-element_type=\"column\" data-e-type=\"column\">\n\t\t\t<div class=\"elementor-widget-wrap elementor-element-populated\">\n\t\t\t\t\t\t<div class=\"elementor-element elementor-element-17ba9ba e-cart-layout-two-column elementor-widget elementor-widget-woocommerce-cart\" data-id=\"17ba9ba\" data-element_type=\"widget\" data-e-type=\"widget\" data-settings=\"{&quot;update_cart_automatically&quot;:&quot;yes&quot;}\" data-widget_type=\"woocommerce-cart.default\">\n\t\t\t\t<div class=\"elementor-widget-container\">\n\t\t\t\t\t<div class=\"woocommerce\"><div class=\"woocommerce-notices-wrapper\"><\/div><div class=\"wc-empty-cart-message\">\n\t<div class=\"cart-empty woocommerce-info\" role=\"status\">\n\t\tKrep\u0161elis dar tu\u0161\u010dias.\t<\/div>\n<\/div>\t<p class=\"return-to-shop\">\n\t\t<a class=\"button wc-backward\" href=\"https:\/\/store.trektours.app\/lt\/shop\/\">\n\t\t\tGr\u012f\u017eti \u012f parduotuv\u0119\t\t<\/a>\n\t<\/p>\n<\/div>\t\t\t\t<\/div>\n\t\t\t\t<\/div>\n\t\t\t\t\t<\/div>\n\t\t<\/div>\n\t\t\t\t\t<\/div>\n\t\t<\/section>\n\t\t\t\t<\/div>\n\t\t","protected":false},"excerpt":{"rendered":"<p>Remove item Thumbnail image Product Price Quantity Subtotal &times; 10 eur Gift Card 10,00&nbsp;&euro; 10 eur Gift Card&nbsp; quantity 10,00&nbsp;&euro; Pritaikyti nuolaid\u0105 Krep\u0161elio suma Subtotal 10,00&nbsp;&euro; Total 10,00&nbsp;&euro; T\u0119sti atsiskaitym\u0105<\/p>\n","protected":false},"author":1,"featured_media":0,"parent":0,"menu_order":0,"comment_status":"closed","ping_status":"closed","template":"","meta":{"footnotes":""},"class_list":["post-11","page","type-page","status-publish","hentry"],"_links":{"self":[{"href":"https:\/\/store.trektours.app\/lt\/wp-json\/wp\/v2\/pages\/11","targetHints":{"allow":["GET"]}}],"collection":[{"href":"https:\/\/store.trektours.app\/lt\/wp-json\/wp\/v2\/pages"}],"about":[{"href":"https:\/\/store.trektours.app\/lt\/wp-json\/wp\/v2\/types\/page"}],"author":[{"embeddable":true,"href":"https:\/\/store.trektours.app\/lt\/wp-json\/wp\/v2\/users\/1"}],"replies":[{"embeddable":true,"href":"https:\/\/store.trektours.app\/lt\/wp-json\/wp\/v2\/comments?post=11"}],"version-history":[{"count":14,"href":"https:\/\/store.trektours.app\/lt\/wp-json\/wp\/v2\/pages\/11\/revisions"}],"predecessor-version":[{"id":448,"href":"https:\/\/store.trektours.app\/lt\/wp-json\/wp\/v2\/pages\/11\/revisions\/448"}],"wp:attachment":[{"href":"https:\/\/store.trektours.app\/lt\/wp-json\/wp\/v2\/media?parent=11"}],"curies":[{"name":"wp","href":"https:\/\/api.w.org\/{rel}","templated":true}]}}