{"id":17393,"date":"2025-10-16T06:30:21","date_gmt":"2025-10-16T06:30:21","guid":{"rendered":"https:\/\/store.trektours.app\/product\/trenkturas-krepsys\/"},"modified":"2025-10-29T14:33:41","modified_gmt":"2025-10-29T14:33:41","slug":"trenkturas-krepsys","status":"publish","type":"product","link":"https:\/\/store.trektours.app\/lt\/produktas\/trenkturas-krepsys\/","title":{"rendered":"TrenkTuras krep\u0161ys"},"content":{"rendered":"<h3 data-start=\"194\" data-end=\"229\"><span dir=\"auto\" style=\"vertical-align: inherit\">Stilingas ir patvarus krep&scaron;ys<\/span><\/h3>\n<p style=\"font-size: medium;font-weight: 400\" data-start=\"231\" data-end=\"445\"><span dir=\"auto\" style=\"vertical-align: inherit\">Universalus krep&scaron;ys kasdienai &ndash; talpus, patogus ir puikiai tinka tiek apsipirkimui, tiek kelion\u0117ms ar darbui. Pagamintas i&scaron; tvirto audinio su laminuotu vidumi, tod\u0117l i&scaron;laiko form\u0105 ir yra atsparus d\u0117v\u0117jimuisi.&nbsp;<br \/><\/span><\/p>\n<p style=\"font-size: medium;font-weight: 400\" data-start=\"447\" data-end=\"461\"><strong data-start=\"447\" data-end=\"459\"><span dir=\"auto\" style=\"vertical-align: inherit\">Savyb\u0117s:<\/span><\/strong><\/p>\n<ul style=\"font-size: medium;font-weight: 400\" data-start=\"462\" data-end=\"836\">\n<li data-start=\"462\" data-end=\"543\">\n<p data-start=\"464\" data-end=\"543\"><span dir=\"auto\" style=\"vertical-align: inherit\">Pagamintas i&scaron;&nbsp;<\/span><span dir=\"auto\" style=\"vertical-align: inherit\">100 % poliesterio<\/span><span dir=\"auto\" style=\"vertical-align: inherit\">&nbsp;(200 g\/m&sup2;) &ndash; tvirtas ir ilgaam\u017eis audinys<\/span><\/p>\n<\/li>\n<li data-start=\"544\" data-end=\"591\">\n<p data-start=\"546\" data-end=\"591\"><span dir=\"auto\" style=\"vertical-align: inherit\">Medvilnin\u0117s rankenos<\/span><span dir=\"auto\" style=\"vertical-align: inherit\">&nbsp;&ndash; patogios ne&scaron;ioti<\/span><\/p>\n<\/li>\n<li data-start=\"592\" data-end=\"670\">\n<p data-start=\"594\" data-end=\"670\"><span dir=\"auto\" style=\"vertical-align: inherit\">Laminuotas vidurys<\/span><span dir=\"auto\" style=\"vertical-align: inherit\">&nbsp;&ndash; apsaugo nuo dr\u0117kinimo ir suteikia papildomo patvarumo<\/span><\/p>\n<\/li>\n<li data-start=\"671\" data-end=\"716\">\n<p data-start=\"673\" data-end=\"716\"><span dir=\"auto\" style=\"vertical-align: inherit\">3 dyd\u017eiai<\/span><span dir=\"auto\" style=\"vertical-align: inherit\">&nbsp;&ndash; pasirinkti pagal poreik\u012f<\/span><\/p>\n<\/li>\n<li data-start=\"752\" data-end=\"800\">\n<p data-start=\"754\" data-end=\"800\"><span dir=\"auto\" style=\"vertical-align: inherit\">Ry&scaron;kus, auk&scaron;tos kokyb\u0117s spaudos dizainas<\/span><\/p>\n<\/li>\n<li data-start=\"801\" data-end=\"836\">\n<p data-start=\"803\" data-end=\"836\"><span dir=\"auto\" style=\"vertical-align: inherit\">Galima paklaida<\/span><span dir=\"auto\" style=\"vertical-align: inherit\">&nbsp;&plusmn;1,9 cm<br \/><\/span><\/p>\n<table id=\"size-guide\" style=\"min-width: 360px\">\n<thead>\n<tr>\n<th style=\"padding: 10px\">&nbsp;<\/th>\n<th style=\"padding: 10px;font-weight: 500;text-align: left;font-size: 15px\">13&#8243; &times; 13&#8221;<\/th>\n<th style=\"padding: 10px;font-weight: 500;text-align: left;font-size: 15px\">16&#8243; &times; 16&#8221;<\/th>\n<th style=\"padding: 10px;font-weight: 500;text-align: left;font-size: 15px\">18&#8243; &times; 18&#8221;<\/th>\n<\/tr>\n<\/thead>\n<tbody>\n<tr>\n<td style=\"padding: 10px;border-top-style: solid;border-top-color: #ededed;color: #525252;font-size: 15px\">Auk&scaron;tis, cm<\/td>\n<td style=\"padding: 10px;border-top-style: solid;border-top-color: #ededed;color: #525252;font-size: 15px\">33.02<\/td>\n<td style=\"padding: 10px;border-top-style: solid;border-top-color: #ededed;color: #525252;font-size: 15px\">40.64<\/td>\n<td style=\"padding: 10px;border-top-style: solid;border-top-color: #ededed;color: #525252;font-size: 15px\">45.72<\/td>\n<\/tr>\n<tr>\n<td style=\"padding: 10px;border-top-style: solid;border-top-color: #ededed;color: #525252;font-size: 15px\">Ilgis, cm<\/td>\n<td style=\"padding: 10px;border-top-style: solid;border-top-color: #ededed;color: #525252;font-size: 15px\">33.02<\/td>\n<td style=\"padding: 10px;border-top-style: solid;border-top-color: #ededed;color: #525252;font-size: 15px\">40.64<\/td>\n<td style=\"padding: 10px;border-top-style: solid;border-top-color: #ededed;color: #525252;font-size: 15px\">45.72<\/td>\n<\/tr>\n<tr>\n<td style=\"padding: 10px;border-top-style: solid;border-top-color: #ededed;color: #525252;font-size: 15px\">Plotis, cm<\/td>\n<td style=\"padding: 10px;border-top-style: solid;border-top-color: #ededed;color: #525252;font-size: 15px\">7.62<\/td>\n<td style=\"padding: 10px;border-top-style: solid;border-top-color: #ededed;color: #525252;font-size: 15px\">7.62<\/td>\n<td style=\"padding: 10px;border-top-style: solid;border-top-color: #ededed;color: #525252;font-size: 15px\">7.62<\/td>\n<\/tr>\n<tr>\n<td style=\"padding: 10px;border-top-style: solid;border-top-color: #ededed;color: #525252;font-size: 15px\">Rankenos ilgis, cm<\/td>\n<td style=\"padding: 10px;border-top-style: solid;border-top-color: #ededed;color: #525252;font-size: 15px\">73.00<\/td>\n<td style=\"padding: 10px;border-top-style: solid;border-top-color: #ededed;color: #525252;font-size: 15px\">73.00<\/td>\n<td style=\"padding: 10px;border-top-style: solid;border-top-color: #ededed;color: #525252;font-size: 15px\">73.00<\/td>\n<\/tr>\n<tr>\n<td style=\"padding: 10px;border-top-style: solid;border-top-color: #ededed;color: #525252;font-size: 15px\">Rankenos plotis, cm<\/td>\n<td style=\"padding: 10px;border-top-style: solid;border-top-color: #ededed;color: #525252;font-size: 15px\">2.54<\/td>\n<td style=\"padding: 10px;border-top-style: solid;border-top-color: #ededed;color: #525252;font-size: 15px\">2.54<\/td>\n<td style=\"padding: 10px;border-top-style: solid;border-top-color: #ededed;color: #525252;font-size: 15px\">2.54<\/td>\n<\/tr>\n<\/tbody>\n<\/table>\n<\/li>\n<\/ul>\n","protected":false},"excerpt":{"rendered":"<p>Stilingas ir patvarus krep&scaron;ys Universalus krep&scaron;ys kasdienai &ndash; talpus, patogus ir puikiai tinka tiek apsipirkimui, tiek kelion\u0117ms ar darbui. Pagamintas i&scaron; tvirto audinio su laminuotu vidumi, tod\u0117l i&scaron;laiko form\u0105 ir yra atsparus d\u0117v\u0117jimuisi.&nbsp; Savyb\u0117s: Pagamintas i&scaron;&nbsp;100 % poliesterio&nbsp;(200 g\/m&sup2;) &ndash; tvirtas ir ilgaam\u017eis audinys Medvilnin\u0117s rankenos&nbsp;&ndash; patogios ne&scaron;ioti Laminuotas vidurys&nbsp;&ndash; apsaugo nuo dr\u0117kinimo ir suteikia [&hellip;]<\/p>\n","protected":false},"featured_media":32966,"template":"","meta":[],"product_brand":[],"product_cat":[15],"product_tag":[],"class_list":{"0":"post-17393","1":"product","2":"type-product","3":"status-publish","4":"has-post-thumbnail","6":"product_cat-uncategorized","8":"first","9":"instock","10":"shipping-taxable","11":"purchasable","12":"product-type-variable","13":"has-default-attributes"},"_links":{"self":[{"href":"https:\/\/store.trektours.app\/lt\/wp-json\/wp\/v2\/product\/17393","targetHints":{"allow":["GET"]}}],"collection":[{"href":"https:\/\/store.trektours.app\/lt\/wp-json\/wp\/v2\/product"}],"about":[{"href":"https:\/\/store.trektours.app\/lt\/wp-json\/wp\/v2\/types\/product"}],"wp:featuredmedia":[{"embeddable":true,"href":"https:\/\/store.trektours.app\/lt\/wp-json\/wp\/v2\/media\/32966"}],"wp:attachment":[{"href":"https:\/\/store.trektours.app\/lt\/wp-json\/wp\/v2\/media?parent=17393"}],"wp:term":[{"taxonomy":"product_brand","embeddable":true,"href":"https:\/\/store.trektours.app\/lt\/wp-json\/wp\/v2\/product_brand?post=17393"},{"taxonomy":"product_cat","embeddable":true,"href":"https:\/\/store.trektours.app\/lt\/wp-json\/wp\/v2\/product_cat?post=17393"},{"taxonomy":"product_tag","embeddable":true,"href":"https:\/\/store.trektours.app\/lt\/wp-json\/wp\/v2\/product_tag?post=17393"}],"curies":[{"name":"wp","href":"https:\/\/api.w.org\/{rel}","templated":true}]}}