{"id":18173,"date":"2025-10-16T06:38:03","date_gmt":"2025-10-16T06:38:03","guid":{"rendered":"https:\/\/store.trektours.app\/product\/trenkturas-unisex-ekologiskas-dzemperis-su-gobtuvu-ecosmart-kolekcija\/"},"modified":"2026-02-09T08:14:20","modified_gmt":"2026-02-09T08:14:20","slug":"trenkturas-unisex-ekologiskas-dzemperis-su-gobtuvu-ecosmart-kolekcija","status":"publish","type":"product","link":"https:\/\/store.trektours.app\/lt\/produktas\/trenkturas-unisex-ekologiskas-dzemperis-su-gobtuvu-ecosmart-kolekcija\/","title":{"rendered":"Trenkturas unisex ekologi\u0161kas d\u017eemperis su gobtuvu"},"content":{"rendered":"<p data-start=\"134\" data-end=\"219\">Klasikinis unisex d\u017eemperis su gobtuvu &ndash; mink&scaron;tas, patogus ir draugi&scaron;kas aplinkai<\/p>\n<p data-start=\"221\" data-end=\"444\">Universalus &bdquo;Hanes ComfortBlend&reg; EcoSmart&reg;&ldquo; d\u017eemperis &ndash; puikus pasirinkimas kasdienai. Vidutinio storio, &scaron;velnaus flisinio audinio d\u017eemperis su erdvia priekine ki&scaron;ene suteikia komforto ir &scaron;ilumos tiek namuose, tiek lauke.<\/p>\n<p data-start=\"446\" data-end=\"767\">Pagamintas i&scaron; kokybi&scaron;ko audinio, kuris i&scaron;laiko form\u0105, nesiburbuliuoja ir maloniai priglunda prie k\u016bno. Gobtuvas be etiket\u0117s kaklo srityje u\u017etikrina dar didesn\u012f patogum\u0105. Be to, iki 5 % audinio sud\u0117ties sudaro perdirbtas poliesteris i&scaron; plastikini\u0173 buteli\u0173, tod\u0117l &scaron;is d\u017eemperis yra ir stilingas, ir draugi&scaron;kas gamtai.<\/p>\n<p data-start=\"769\" data-end=\"783\">Savyb\u0117s:<\/p>\n<ul data-start=\"784\" data-end=\"1158\">\n<li data-start=\"784\" data-end=\"867\">\n<p data-start=\"786\" data-end=\"867\">50 % medviln\u0117, 50 % poliesteris<\/p>\n<\/li>\n<li data-start=\"868\" data-end=\"927\">\n<p data-start=\"870\" data-end=\"927\">Vidutinio storio audinys (264 g\/m&sup2;) &ndash; &scaron;iltas ir patogus<\/p>\n<\/li>\n<li data-start=\"928\" data-end=\"954\">\n<p data-start=\"930\" data-end=\"954\">Mink&scaron;tas flisas viduje<\/p>\n<\/li>\n<li data-start=\"955\" data-end=\"1013\">\n<p data-start=\"957\" data-end=\"1013\">Reguliarus kirpimas &ndash; tinka tiek moterims, tiek vyrams<\/p>\n<\/li>\n<li data-start=\"1014\" data-end=\"1039\">\n<p data-start=\"1016\" data-end=\"1039\">Erdvi priekin\u0117 ki&scaron;en\u0117<\/p>\n<\/li>\n<li data-start=\"1040\" data-end=\"1102\">\n<p data-start=\"1042\" data-end=\"1102\">Gobtuvas be etiket\u0117s kaklo srityje &ndash; niekas nedirgina odos<\/p>\n<\/li>\n<li data-start=\"1103\" data-end=\"1158\">\n<p data-start=\"1105\" data-end=\"1158\">Pagamintas naudojant iki 5 % perdirbto plastiko<\/p>\n<table id=\"size-guide\" style=\"min-width: 360px\">\n<thead>\n<tr>\n<th style=\"padding: 10px\">&nbsp;<\/th>\n<th style=\"color: #000000;font-weight: 500;text-align: left;font-size: 15px;padding: 10px\">S<\/th>\n<th style=\"color: #000000;font-weight: 500;text-align: left;font-size: 15px;padding: 10px\">M<\/th>\n<th style=\"color: #000000;font-weight: 500;text-align: left;font-size: 15px;padding: 10px\">L<\/th>\n<th style=\"color: #000000;font-weight: 500;text-align: left;font-size: 15px;padding: 10px\">XL<\/th>\n<th style=\"color: #000000;font-weight: 500;text-align: left;font-size: 15px;padding: 10px\">2XL<\/th>\n<th style=\"color: #000000;font-weight: 500;text-align: left;font-size: 15px;padding: 10px\">3XL<\/th>\n<\/tr>\n<\/thead>\n<tbody>\n<tr>\n<td style=\"padding: 10px;color: #525252;font-size: 15px;border-top: 1px solid #ededed\">Plotis, cm<\/td>\n<td style=\"padding: 10px;color: #525252;font-size: 15px;border-top: 1px solid #ededed\">50.80<\/td>\n<td style=\"padding: 10px;color: #525252;font-size: 15px;border-top: 1px solid #ededed\">55.80<\/td>\n<td style=\"padding: 10px;color: #525252;font-size: 15px;border-top: 1px solid #ededed\">60.90<\/td>\n<td style=\"padding: 10px;color: #525252;font-size: 15px;border-top: 1px solid #ededed\">66.00<\/td>\n<td style=\"padding: 10px;color: #525252;font-size: 15px;border-top: 1px solid #ededed\">71.10<\/td>\n<td style=\"padding: 10px;color: #525252;font-size: 15px;border-top: 1px solid #ededed\">76.20<\/td>\n<\/tr>\n<tr>\n<td style=\"padding: 10px;color: #525252;font-size: 15px;border-top: 1px solid #ededed\">Ilgis, cm<\/td>\n<td style=\"padding: 10px;color: #525252;font-size: 15px;border-top: 1px solid #ededed\">68.50<\/td>\n<td style=\"padding: 10px;color: #525252;font-size: 15px;border-top: 1px solid #ededed\">71.10<\/td>\n<td style=\"padding: 10px;color: #525252;font-size: 15px;border-top: 1px solid #ededed\">73.60<\/td>\n<td style=\"padding: 10px;color: #525252;font-size: 15px;border-top: 1px solid #ededed\">76.20<\/td>\n<td style=\"padding: 10px;color: #525252;font-size: 15px;border-top: 1px solid #ededed\">77.40<\/td>\n<td style=\"padding: 10px;color: #525252;font-size: 15px;border-top: 1px solid #ededed\">78.74<\/td>\n<\/tr>\n<tr>\n<td style=\"padding: 10px;color: #525252;font-size: 15px;border-top: 1px solid #ededed\">Rankov\u0117s ilgis, cm<\/td>\n<td style=\"padding: 10px;color: #525252;font-size: 15px;border-top: 1px solid #ededed\">86.36<\/td>\n<td style=\"padding: 10px;color: #525252;font-size: 15px;border-top: 1px solid #ededed\">89.54<\/td>\n<td style=\"padding: 10px;color: #525252;font-size: 15px;border-top: 1px solid #ededed\">91.12<\/td>\n<td style=\"padding: 10px;color: #525252;font-size: 15px;border-top: 1px solid #ededed\">93.03<\/td>\n<td style=\"padding: 10px;color: #525252;font-size: 15px;border-top: 1px solid #ededed\">94.93<\/td>\n<td style=\"padding: 10px;color: #525252;font-size: 15px;border-top: 1px solid #ededed\">96.84<\/td>\n<\/tr>\n<tr>\n<td style=\"padding: 10px;color: #525252;font-size: 15px;border-top: 1px solid #ededed\">Galima paklaida, cm<\/td>\n<td style=\"padding: 10px;color: #525252;font-size: 15px;border-top: 1px solid #ededed\">2.54<\/td>\n<td style=\"padding: 10px;color: #525252;font-size: 15px;border-top: 1px solid #ededed\">2.54<\/td>\n<td style=\"padding: 10px;color: #525252;font-size: 15px;border-top: 1px solid #ededed\">2.54<\/td>\n<td style=\"padding: 10px;color: #525252;font-size: 15px;border-top: 1px solid #ededed\">2.54<\/td>\n<td style=\"padding: 10px;color: #525252;font-size: 15px;border-top: 1px solid #ededed\">2.54<\/td>\n<td style=\"padding: 10px;color: #525252;font-size: 15px;border-top: 1px solid #ededed\">2.54<\/td>\n<\/tr>\n<\/tbody>\n<\/table>\n<\/li>\n<\/ul>\n","protected":false},"excerpt":{"rendered":"<p>Klasikinis unisex d\u017eemperis su gobtuvu &ndash; mink&scaron;tas, patogus ir draugi&scaron;kas aplinkai Universalus &bdquo;Hanes ComfortBlend&reg; EcoSmart&reg;&ldquo; d\u017eemperis &ndash; puikus pasirinkimas kasdienai. Vidutinio storio, &scaron;velnaus flisinio audinio d\u017eemperis su erdvia priekine ki&scaron;ene suteikia komforto ir &scaron;ilumos tiek namuose, tiek lauke. Pagamintas i&scaron; kokybi&scaron;ko audinio, kuris i&scaron;laiko form\u0105, nesiburbuliuoja ir maloniai priglunda prie k\u016bno. Gobtuvas be etiket\u0117s kaklo [&hellip;]<\/p>\n","protected":false},"featured_media":46946,"template":"","meta":[],"product_brand":[],"product_cat":[15],"product_tag":[],"class_list":{"0":"post-18173","1":"product","2":"type-product","3":"status-publish","4":"has-post-thumbnail","6":"product_cat-uncategorized","8":"first","9":"instock","10":"shipping-taxable","11":"purchasable","12":"product-type-variable","13":"has-default-attributes"},"_links":{"self":[{"href":"https:\/\/store.trektours.app\/lt\/wp-json\/wp\/v2\/product\/18173","targetHints":{"allow":["GET"]}}],"collection":[{"href":"https:\/\/store.trektours.app\/lt\/wp-json\/wp\/v2\/product"}],"about":[{"href":"https:\/\/store.trektours.app\/lt\/wp-json\/wp\/v2\/types\/product"}],"wp:featuredmedia":[{"embeddable":true,"href":"https:\/\/store.trektours.app\/lt\/wp-json\/wp\/v2\/media\/46946"}],"wp:attachment":[{"href":"https:\/\/store.trektours.app\/lt\/wp-json\/wp\/v2\/media?parent=18173"}],"wp:term":[{"taxonomy":"product_brand","embeddable":true,"href":"https:\/\/store.trektours.app\/lt\/wp-json\/wp\/v2\/product_brand?post=18173"},{"taxonomy":"product_cat","embeddable":true,"href":"https:\/\/store.trektours.app\/lt\/wp-json\/wp\/v2\/product_cat?post=18173"},{"taxonomy":"product_tag","embeddable":true,"href":"https:\/\/store.trektours.app\/lt\/wp-json\/wp\/v2\/product_tag?post=18173"}],"curies":[{"name":"wp","href":"https:\/\/api.w.org\/{rel}","templated":true}]}}