{"id":21686,"date":"2025-10-16T08:44:04","date_gmt":"2025-10-16T08:44:04","guid":{"rendered":"https:\/\/store.trektours.app\/product\/trenkturas-juosmens-krepselis-4\/"},"modified":"2025-11-11T05:01:18","modified_gmt":"2025-11-11T05:01:18","slug":"trenkturas-juosmens-krepselis-4","status":"publish","type":"product","link":"https:\/\/store.trektours.app\/lt\/produktas\/trenkturas-juosmens-krepselis-4\/","title":{"rendered":"TrenkTuras juosmens krep\u0161elis"},"content":{"rendered":"<p data-start=\"150\" data-end=\"216\">Stilingas ir prakti&scaron;kas unisex juosmens krep&scaron;elis &bdquo;Fanny Pack&ldquo;<\/p>\n<p data-start=\"218\" data-end=\"421\">&Scaron;is lengvas juosmens krep&scaron;elis &ndash; puikus pasirinkimas kasdienai. Reguliuojamas dir\u017eelis leid\u017eia pritaikyti krep&scaron;el\u012f prie bet kokio juosmens, o d\u0117klas lieka plok&scaron;\u010dias prie k\u016bno, tod\u0117l patogu ne&scaron;ioti.<\/p>\n<p data-start=\"423\" data-end=\"697\">Patvari nugar\u0117l\u0117 apsaugo nuo dilimo ir lengvai valoma. Krep&scaron;elyje rasite u\u017esegam\u0105 ki&scaron;en\u0119 gale, vidin\u0119 u\u017esegam\u0105 ki&scaron;en\u0119 ir 3 korteli\u0173 laikiklius, taip pat yra vidin\u0117 pertvara, skirta patogiai susid\u0117ti daiktus.<\/p>\n<p data-start=\"699\" data-end=\"713\">Savyb\u0117s:<\/p>\n<ul data-start=\"714\" data-end=\"956\">\n<li data-start=\"714\" data-end=\"765\">\n<p data-start=\"716\" data-end=\"765\">100 % poliesteris &ndash; lengvas ir patvarus audinys<\/p>\n<\/li>\n<li data-start=\"766\" data-end=\"816\">\n<p data-start=\"768\" data-end=\"816\">Vienas universalus dydis (tolerancija &plusmn;1,3 cm)<\/p>\n<\/li>\n<li data-start=\"766\" data-end=\"816\">\n<p data-start=\"768\" data-end=\"816\">Juodas vidus su pertvar\u0117l\u0117mis daikt\u0173 organizavimui<\/p>\n<table id=\"size-guide\" style=\"min-width: 360px\">\n<thead>\n<tr>\n<th style=\"padding: 10px\">&nbsp;<\/th>\n<th style=\"color: #000000;font-weight: 500;text-align: left;font-size: 15px;padding: 10px\">One size<\/th>\n<\/tr>\n<\/thead>\n<tbody>\n<tr>\n<td style=\"padding: 10px;color: #525252;font-size: 15px;border-top: 1px solid #ededed\">Auk&scaron;tis, cm<\/td>\n<td style=\"padding: 10px;color: #525252;font-size: 15px;border-top: 1px solid #ededed\">15.24<\/td>\n<\/tr>\n<tr>\n<td style=\"padding: 10px;color: #525252;font-size: 15px;border-top: 1px solid #ededed\">Ilgis, cm<\/td>\n<td style=\"padding: 10px;color: #525252;font-size: 15px;border-top: 1px solid #ededed\">33.00<\/td>\n<\/tr>\n<tr>\n<td style=\"padding: 10px;color: #525252;font-size: 15px;border-top: 1px solid #ededed\">Dir\u017eelio plotis, cm<\/td>\n<td style=\"padding: 10px;color: #525252;font-size: 15px;border-top: 1px solid #ededed\">2.50<\/td>\n<\/tr>\n<tr>\n<td style=\"padding: 10px;color: #525252;font-size: 15px;border-top: 1px solid #ededed\">Minimali apimtis, cm<\/td>\n<td style=\"padding: 10px;color: #525252;font-size: 15px;border-top: 1px solid #ededed\">100.00<\/td>\n<\/tr>\n<tr>\n<td style=\"padding: 10px;color: #525252;font-size: 15px;border-top: 1px solid #ededed\">Maksimali apimtis, cm<\/td>\n<td style=\"padding: 10px;color: #525252;font-size: 15px;border-top: 1px solid #ededed\">136.00<\/td>\n<\/tr>\n<\/tbody>\n<\/table>\n<\/li>\n<\/ul>\n","protected":false},"excerpt":{"rendered":"<p>Stilingas ir prakti&scaron;kas unisex juosmens krep&scaron;elis &bdquo;Fanny Pack&ldquo; &Scaron;is lengvas juosmens krep&scaron;elis &ndash; puikus pasirinkimas kasdienai. Reguliuojamas dir\u017eelis leid\u017eia pritaikyti krep&scaron;el\u012f prie bet kokio juosmens, o d\u0117klas lieka plok&scaron;\u010dias prie k\u016bno, tod\u0117l patogu ne&scaron;ioti. Patvari nugar\u0117l\u0117 apsaugo nuo dilimo ir lengvai valoma. Krep&scaron;elyje rasite u\u017esegam\u0105 ki&scaron;en\u0119 gale, vidin\u0119 u\u017esegam\u0105 ki&scaron;en\u0119 ir 3 korteli\u0173 laikiklius, taip [&hellip;]<\/p>\n","protected":false},"featured_media":39575,"template":"","meta":[],"product_brand":[],"product_cat":[15],"product_tag":[],"class_list":{"0":"post-21686","1":"product","2":"type-product","3":"status-publish","4":"has-post-thumbnail","6":"product_cat-uncategorized","8":"first","9":"instock","10":"shipping-taxable","11":"purchasable","12":"product-type-variable","13":"has-default-attributes"},"_links":{"self":[{"href":"https:\/\/store.trektours.app\/lt\/wp-json\/wp\/v2\/product\/21686","targetHints":{"allow":["GET"]}}],"collection":[{"href":"https:\/\/store.trektours.app\/lt\/wp-json\/wp\/v2\/product"}],"about":[{"href":"https:\/\/store.trektours.app\/lt\/wp-json\/wp\/v2\/types\/product"}],"wp:featuredmedia":[{"embeddable":true,"href":"https:\/\/store.trektours.app\/lt\/wp-json\/wp\/v2\/media\/39575"}],"wp:attachment":[{"href":"https:\/\/store.trektours.app\/lt\/wp-json\/wp\/v2\/media?parent=21686"}],"wp:term":[{"taxonomy":"product_brand","embeddable":true,"href":"https:\/\/store.trektours.app\/lt\/wp-json\/wp\/v2\/product_brand?post=21686"},{"taxonomy":"product_cat","embeddable":true,"href":"https:\/\/store.trektours.app\/lt\/wp-json\/wp\/v2\/product_cat?post=21686"},{"taxonomy":"product_tag","embeddable":true,"href":"https:\/\/store.trektours.app\/lt\/wp-json\/wp\/v2\/product_tag?post=21686"}],"curies":[{"name":"wp","href":"https:\/\/api.w.org\/{rel}","templated":true}]}}