{"id":24626,"date":"2025-10-16T09:31:53","date_gmt":"2025-10-16T09:31:53","guid":{"rendered":"https:\/\/store.trektours.app\/product\/trenkturas-unisex-marskineliai-trumpomis-rankovemis-jersey\/"},"modified":"2026-02-06T10:29:39","modified_gmt":"2026-02-06T10:29:39","slug":"trenkturas-unisex-marskineliai-trumpomis-rankovemis-jersey","status":"publish","type":"product","link":"https:\/\/store.trektours.app\/lt\/produktas\/trenkturas-unisex-marskineliai-trumpomis-rankovemis-jersey\/","title":{"rendered":"TrenkTuras unisex mar\u0161kin\u0117liai trumpomis rankov\u0117mis"},"content":{"rendered":"<hr data-start=\"137\" data-end=\"140\" \/>\n<p data-start=\"142\" data-end=\"224\">Klasikiniai unisex mar&scaron;kin\u0117liai &ndash; patog\u016bs, mink&scaron;ti ir visada stilingi<\/p>\n<p data-start=\"226\" data-end=\"531\">&Scaron;ie klasikinio kirpimo mar&scaron;kin\u0117liai greitai taps m\u0117gstamiausiu j\u016bs\u0173 kasdieniu drabu\u017eiu. Pagaminti i&scaron; 100 % &scaron;ukuotos &bdquo;Airlume&ldquo; medviln\u0117s, jie yra lengvi, kv\u0117puojantys ir malon\u016bs liesti. Auk&scaron;tos kokyb\u0117s audinys ir spauda u\u017etikrina, kad mar&scaron;kin\u0117liai i&scaron;liks formos ir i&scaron;vaizdos net po daugelio skalbim\u0173.<\/p>\n<p data-start=\"942\" data-end=\"956\">Savyb\u0117s:<\/p>\n<ul data-start=\"957\" data-end=\"1387\">\n<li data-start=\"957\" data-end=\"1036\">\n<p data-start=\"959\" data-end=\"1036\">100 % &scaron;ukuota &bdquo;Airlume&ldquo; medviln\u0117 (142 g\/m&sup2;) &ndash; lengvas, kv\u0117puojantis audinys<\/p>\n<\/li>\n<li data-start=\"1037\" data-end=\"1103\">\n<p data-start=\"1039\" data-end=\"1103\">Klasikinis kirpimas &ndash; tinka tiek laisvalaikiui, tiek kasdienai<\/p>\n<\/li>\n<li data-start=\"1104\" data-end=\"1138\">\n<p data-start=\"1106\" data-end=\"1138\">Apvalus kaklas su sutvirtinimu<\/p>\n<\/li>\n<li data-start=\"1139\" data-end=\"1186\">\n<p data-start=\"1141\" data-end=\"1186\">Siaur\u0117jantys pe\u010diai &ndash; geresniam prigludimui<\/p>\n<\/li>\n<li data-start=\"1187\" data-end=\"1233\">\n<p data-start=\"1189\" data-end=\"1233\">Dvigubi &scaron;oniniai si\u016blai &ndash; formai i&scaron;laikyti<\/p>\n<\/li>\n<li data-start=\"1234\" data-end=\"1274\">\n<p data-start=\"1236\" data-end=\"1274\">Nupl\u0117&scaron;iama etiket\u0117 &ndash; joki\u0173 dirginim\u0173<\/p>\n<\/li>\n<li data-start=\"1275\" data-end=\"1319\">\n<p data-start=\"1277\" data-end=\"1319\">Pagaminta eti&scaron;komis ir tvariomis s\u0105lygomi<\/p>\n<table id=\"size-guide\" style=\"min-width: 360px\">\n<thead>\n<tr>\n<th style=\"padding: 10px\">&nbsp;<\/th>\n<th style=\"color: #000000;font-weight: 500;text-align: left;font-size: 15px;padding: 10px\">XS<\/th>\n<th style=\"color: #000000;font-weight: 500;text-align: left;font-size: 15px;padding: 10px\">S<\/th>\n<th style=\"color: #000000;font-weight: 500;text-align: left;font-size: 15px;padding: 10px\">M<\/th>\n<th style=\"color: #000000;font-weight: 500;text-align: left;font-size: 15px;padding: 10px\">L<\/th>\n<th style=\"color: #000000;font-weight: 500;text-align: left;font-size: 15px;padding: 10px\">XL<\/th>\n<th style=\"color: #000000;font-weight: 500;text-align: left;font-size: 15px;padding: 10px\">2XL<\/th>\n<th style=\"color: #000000;font-weight: 500;text-align: left;font-size: 15px;padding: 10px\">3XL<\/th>\n<th style=\"color: #000000;font-weight: 500;text-align: left;font-size: 15px;padding: 10px\">4XL<\/th>\n<th style=\"color: #000000;font-weight: 500;text-align: left;font-size: 15px;padding: 10px\">5XL<\/th>\n<\/tr>\n<\/thead>\n<tbody>\n<tr>\n<td style=\"padding: 10px;color: #525252;font-size: 15px;border-top: 1px solid #ededed\">Plotis, cm<\/td>\n<td style=\"padding: 10px;color: #525252;font-size: 15px;border-top: 1px solid #ededed\">41.90<\/td>\n<td style=\"padding: 10px;color: #525252;font-size: 15px;border-top: 1px solid #ededed\">45.72<\/td>\n<td style=\"padding: 10px;color: #525252;font-size: 15px;border-top: 1px solid #ededed\">50.80<\/td>\n<td style=\"padding: 10px;color: #525252;font-size: 15px;border-top: 1px solid #ededed\">55.88<\/td>\n<td style=\"padding: 10px;color: #525252;font-size: 15px;border-top: 1px solid #ededed\">60.96<\/td>\n<td style=\"padding: 10px;color: #525252;font-size: 15px;border-top: 1px solid #ededed\">66.04<\/td>\n<td style=\"padding: 10px;color: #525252;font-size: 15px;border-top: 1px solid #ededed\">71.12<\/td>\n<td style=\"padding: 10px;color: #525252;font-size: 15px;border-top: 1px solid #ededed\">76.20<\/td>\n<td style=\"padding: 10px;color: #525252;font-size: 15px;border-top: 1px solid #ededed\">81.28<\/td>\n<\/tr>\n<tr>\n<td style=\"padding: 10px;color: #525252;font-size: 15px;border-top: 1px solid #ededed\">Ilgis, cm<\/td>\n<td style=\"padding: 10px;color: #525252;font-size: 15px;border-top: 1px solid #ededed\">68.58<\/td>\n<td style=\"padding: 10px;color: #525252;font-size: 15px;border-top: 1px solid #ededed\">71.12<\/td>\n<td style=\"padding: 10px;color: #525252;font-size: 15px;border-top: 1px solid #ededed\">73.66<\/td>\n<td style=\"padding: 10px;color: #525252;font-size: 15px;border-top: 1px solid #ededed\">76.20<\/td>\n<td style=\"padding: 10px;color: #525252;font-size: 15px;border-top: 1px solid #ededed\">78.74<\/td>\n<td style=\"padding: 10px;color: #525252;font-size: 15px;border-top: 1px solid #ededed\">81.28<\/td>\n<td style=\"padding: 10px;color: #525252;font-size: 15px;border-top: 1px solid #ededed\">83.82<\/td>\n<td style=\"padding: 10px;color: #525252;font-size: 15px;border-top: 1px solid #ededed\">86.36<\/td>\n<td style=\"padding: 10px;color: #525252;font-size: 15px;border-top: 1px solid #ededed\">88.90<\/td>\n<\/tr>\n<tr>\n<td style=\"padding: 10px;color: #525252;font-size: 15px;border-top: 1px solid #ededed\">Rankovi\u0173 ilgis, cm<\/td>\n<td style=\"padding: 10px;color: #525252;font-size: 15px;border-top: 1px solid #ededed\">21.84<\/td>\n<td style=\"padding: 10px;color: #525252;font-size: 15px;border-top: 1px solid #ededed\">22.61<\/td>\n<td style=\"padding: 10px;color: #525252;font-size: 15px;border-top: 1px solid #ededed\">23.37<\/td>\n<td style=\"padding: 10px;color: #525252;font-size: 15px;border-top: 1px solid #ededed\">24.13<\/td>\n<td style=\"padding: 10px;color: #525252;font-size: 15px;border-top: 1px solid #ededed\">24.64<\/td>\n<td style=\"padding: 10px;color: #525252;font-size: 15px;border-top: 1px solid #ededed\">25.40<\/td>\n<td style=\"padding: 10px;color: #525252;font-size: 15px;border-top: 1px solid #ededed\">26.42<\/td>\n<td style=\"padding: 10px;color: #525252;font-size: 15px;border-top: 1px solid #ededed\">27.43<\/td>\n<td style=\"padding: 10px;color: #525252;font-size: 15px;border-top: 1px solid #ededed\">28.45<\/td>\n<\/tr>\n<tr>\n<td style=\"padding: 10px;color: #525252;font-size: 15px;border-top: 1px solid #ededed\">Galima paklaida, cm<\/td>\n<td style=\"padding: 10px;color: #525252;font-size: 15px;border-top: 1px solid #ededed\">3.81<\/td>\n<td style=\"padding: 10px;color: #525252;font-size: 15px;border-top: 1px solid #ededed\">3.81<\/td>\n<td style=\"padding: 10px;color: #525252;font-size: 15px;border-top: 1px solid #ededed\">3.81<\/td>\n<td style=\"padding: 10px;color: #525252;font-size: 15px;border-top: 1px solid #ededed\">3.81<\/td>\n<td style=\"padding: 10px;color: #525252;font-size: 15px;border-top: 1px solid #ededed\">3.81<\/td>\n<td style=\"padding: 10px;color: #525252;font-size: 15px;border-top: 1px solid #ededed\">3.81<\/td>\n<td style=\"padding: 10px;color: #525252;font-size: 15px;border-top: 1px solid #ededed\">3.81<\/td>\n<td style=\"padding: 10px;color: #525252;font-size: 15px;border-top: 1px solid #ededed\">3.81<\/td>\n<td style=\"padding: 10px;color: #525252;font-size: 15px;border-top: 1px solid #ededed\">3.81<\/td>\n<\/tr>\n<\/tbody>\n<\/table>\n<p>&nbsp;<\/li>\n<\/ul>\n","protected":false},"excerpt":{"rendered":"<p>Klasikiniai unisex mar&scaron;kin\u0117liai &ndash; patog\u016bs, mink&scaron;ti ir visada stilingi &Scaron;ie klasikinio kirpimo mar&scaron;kin\u0117liai greitai taps m\u0117gstamiausiu j\u016bs\u0173 kasdieniu drabu\u017eiu. Pagaminti i&scaron; 100 % &scaron;ukuotos &bdquo;Airlume&ldquo; medviln\u0117s, jie yra lengvi, kv\u0117puojantys ir malon\u016bs liesti. Auk&scaron;tos kokyb\u0117s audinys ir spauda u\u017etikrina, kad mar&scaron;kin\u0117liai i&scaron;liks formos ir i&scaron;vaizdos net po daugelio skalbim\u0173. Savyb\u0117s: 100 % &scaron;ukuota &bdquo;Airlume&ldquo; medviln\u0117 [&hellip;]<\/p>\n","protected":false},"featured_media":46214,"template":"","meta":[],"product_brand":[],"product_cat":[15],"product_tag":[],"class_list":{"0":"post-24626","1":"product","2":"type-product","3":"status-publish","4":"has-post-thumbnail","6":"product_cat-uncategorized","8":"first","9":"instock","10":"shipping-taxable","11":"purchasable","12":"product-type-variable","13":"has-default-attributes"},"_links":{"self":[{"href":"https:\/\/store.trektours.app\/lt\/wp-json\/wp\/v2\/product\/24626","targetHints":{"allow":["GET"]}}],"collection":[{"href":"https:\/\/store.trektours.app\/lt\/wp-json\/wp\/v2\/product"}],"about":[{"href":"https:\/\/store.trektours.app\/lt\/wp-json\/wp\/v2\/types\/product"}],"wp:featuredmedia":[{"embeddable":true,"href":"https:\/\/store.trektours.app\/lt\/wp-json\/wp\/v2\/media\/46214"}],"wp:attachment":[{"href":"https:\/\/store.trektours.app\/lt\/wp-json\/wp\/v2\/media?parent=24626"}],"wp:term":[{"taxonomy":"product_brand","embeddable":true,"href":"https:\/\/store.trektours.app\/lt\/wp-json\/wp\/v2\/product_brand?post=24626"},{"taxonomy":"product_cat","embeddable":true,"href":"https:\/\/store.trektours.app\/lt\/wp-json\/wp\/v2\/product_cat?post=24626"},{"taxonomy":"product_tag","embeddable":true,"href":"https:\/\/store.trektours.app\/lt\/wp-json\/wp\/v2\/product_tag?post=24626"}],"curies":[{"name":"wp","href":"https:\/\/api.w.org\/{rel}","templated":true}]}}