{"id":25628,"date":"2025-10-16T09:37:02","date_gmt":"2025-10-16T09:37:02","guid":{"rendered":"https:\/\/store.trektours.app\/product\/trenkturas-megzta-kepure-su-issiuvinetu-dizainu\/"},"modified":"2026-02-06T10:00:06","modified_gmt":"2026-02-06T10:00:06","slug":"trenkturas-megzta-kepure-su-issiuvinetu-dizainu","status":"publish","type":"product","link":"https:\/\/store.trektours.app\/lt\/produktas\/trenkturas-megzta-kepure-su-issiuvinetu-dizainu\/","title":{"rendered":"TrenkTuras megzta kepur\u0117 su i\u0161siuvin\u0117tu dizainu"},"content":{"rendered":"<p data-start=\"116\" data-end=\"188\">Stilinga megzta kepur\u0117 su siuvin\u0117jimu &ndash; &scaron;velni, patogi ir universali<\/p>\n<p data-start=\"190\" data-end=\"411\">&Scaron;i siuvin\u0117ta megzta kepur\u0117 puikiai derina stili\u0173, komfort\u0105 ir patvarum\u0105. Pagaminta i&scaron; kv\u0117puojan\u010dio medviln\u0117s ir akrilo mi&scaron;inio (60 % medviln\u0117s, 40 % akrilo), ji yra mink&scaron;ta, lengva ir tinkama d\u0117v\u0117ti visus metus.<\/p>\n<p data-start=\"413\" data-end=\"657\">D\u0117l tamprios, priglundan\u010dios formos kepur\u0117 patogiai priglunda prie galvos ir i&scaron;lieka vietoje, suteikdama &scaron;ilumos bei jaukumo. Universalus dydis tinka daugumai, tod\u0117l tai puikus pasirinkimas tiek kasdienai, tiek aktyviam laisvalaikiui.<\/p>\n<p data-start=\"807\" data-end=\"821\">Savyb\u0117s:<\/p>\n<ul data-start=\"822\" data-end=\"1059\">\n<li data-start=\"822\" data-end=\"885\">\n<p data-start=\"824\" data-end=\"885\">60 % medviln\u0117, 40 % akrilas &ndash; kv\u0117puojantis, &scaron;velnus audinys<\/p>\n<\/li>\n<li data-start=\"886\" data-end=\"936\">\n<p data-start=\"888\" data-end=\"936\">Priglundanti forma &ndash; patogi ir laikosi vietoje<\/p>\n<\/li>\n<li data-start=\"937\" data-end=\"975\">\n<p data-start=\"939\" data-end=\"975\">Universalus dydis (tinka daugumai)<\/p>\n<\/li>\n<li data-start=\"976\" data-end=\"1014\">\n<p data-start=\"978\" data-end=\"1014\">Lengva, tinkama d\u0117v\u0117ti visus metus<\/p>\n<\/li>\n<li data-start=\"1015\" data-end=\"1059\">\n<p data-start=\"1017\" data-end=\"1059\">Siuvin\u0117tas logotipas<\/p>\n<table id=\"size-guide\" style=\"min-width: 360px\">\n<thead>\n<tr>\n<th style=\"padding: 10px\">&nbsp;<\/th>\n<th style=\"color: #000000;font-weight: 500;text-align: left;font-size: 15px;padding: 10px\">One size<\/th>\n<\/tr>\n<\/thead>\n<tbody>\n<tr>\n<td style=\"padding: 10px;color: #525252;font-size: 15px;border-top: 1px solid #ededed\">Galvos apimtis, cm<\/td>\n<td style=\"padding: 10px;color: #525252;font-size: 15px;border-top: 1px solid #ededed\">44.00 &#8211; 45.50<\/td>\n<\/tr>\n<tr>\n<td style=\"padding: 10px;color: #525252;font-size: 15px;border-top: 1px solid #ededed\">Kepur\u0117s auk&scaron;tis, cm<\/td>\n<td style=\"padding: 10px;color: #525252;font-size: 15px;border-top: 1px solid #ededed\">20.50<\/td>\n<\/tr>\n<tr>\n<td style=\"padding: 10px;color: #525252;font-size: 15px;border-top: 1px solid #ededed\">Kepur\u0117s plotis, cm<\/td>\n<td style=\"padding: 10px;color: #525252;font-size: 15px;border-top: 1px solid #ededed\">20.80<\/td>\n<\/tr>\n<tr>\n<td style=\"padding: 10px;color: #525252;font-size: 15px;border-top: 1px solid #ededed\">Atlenkimo auk&scaron;tis, cm<\/td>\n<td style=\"padding: 10px;color: #525252;font-size: 15px;border-top: 1px solid #ededed\">6.50<\/td>\n<\/tr>\n<\/tbody>\n<\/table>\n<\/li>\n<\/ul>\n","protected":false},"excerpt":{"rendered":"<p>Stilinga megzta kepur\u0117 su siuvin\u0117jimu &ndash; &scaron;velni, patogi ir universali &Scaron;i siuvin\u0117ta megzta kepur\u0117 puikiai derina stili\u0173, komfort\u0105 ir patvarum\u0105. Pagaminta i&scaron; kv\u0117puojan\u010dio medviln\u0117s ir akrilo mi&scaron;inio (60 % medviln\u0117s, 40 % akrilo), ji yra mink&scaron;ta, lengva ir tinkama d\u0117v\u0117ti visus metus. D\u0117l tamprios, priglundan\u010dios formos kepur\u0117 patogiai priglunda prie galvos ir i&scaron;lieka vietoje, suteikdama [&hellip;]<\/p>\n","protected":false},"featured_media":44678,"template":"","meta":[],"product_brand":[],"product_cat":[15],"product_tag":[],"class_list":{"0":"post-25628","1":"product","2":"type-product","3":"status-publish","4":"has-post-thumbnail","6":"product_cat-uncategorized","8":"first","9":"instock","10":"shipping-taxable","11":"purchasable","12":"product-type-variable","13":"has-default-attributes"},"_links":{"self":[{"href":"https:\/\/store.trektours.app\/lt\/wp-json\/wp\/v2\/product\/25628","targetHints":{"allow":["GET"]}}],"collection":[{"href":"https:\/\/store.trektours.app\/lt\/wp-json\/wp\/v2\/product"}],"about":[{"href":"https:\/\/store.trektours.app\/lt\/wp-json\/wp\/v2\/types\/product"}],"wp:featuredmedia":[{"embeddable":true,"href":"https:\/\/store.trektours.app\/lt\/wp-json\/wp\/v2\/media\/44678"}],"wp:attachment":[{"href":"https:\/\/store.trektours.app\/lt\/wp-json\/wp\/v2\/media?parent=25628"}],"wp:term":[{"taxonomy":"product_brand","embeddable":true,"href":"https:\/\/store.trektours.app\/lt\/wp-json\/wp\/v2\/product_brand?post=25628"},{"taxonomy":"product_cat","embeddable":true,"href":"https:\/\/store.trektours.app\/lt\/wp-json\/wp\/v2\/product_cat?post=25628"},{"taxonomy":"product_tag","embeddable":true,"href":"https:\/\/store.trektours.app\/lt\/wp-json\/wp\/v2\/product_tag?post=25628"}],"curies":[{"name":"wp","href":"https:\/\/api.w.org\/{rel}","templated":true}]}}