{"id":29558,"date":"2025-10-20T04:13:37","date_gmt":"2025-10-20T04:13:37","guid":{"rendered":"https:\/\/store.trektours.app\/product\/trenkturas-unisex-marskineliai-zone-performance\/"},"modified":"2026-02-06T09:56:41","modified_gmt":"2026-02-06T09:56:41","slug":"trenkturas-unisex-marskineliai-zone-performance","status":"publish","type":"product","link":"https:\/\/store.trektours.app\/lt\/produktas\/trenkturas-unisex-marskineliai-zone-performance\/","title":{"rendered":"TrenkTuras unisex sportiniai mar\u0161kin\u0117liai"},"content":{"rendered":"<p data-start=\"223\" data-end=\"514\">&Scaron;ie unisex mar&scaron;kin\u0117liai yra puikus pasirinkimas visoms lauko veikloms. Pagaminti i&scaron; 100 % poliesterio su dr\u0117gm\u0119 i&scaron;garinan\u010dia technologija, jie padeda i&scaron;laikyti od\u0105 sausa net intensyviai judant. Audinys yra lengvas ir kv\u0117puojantis, o UV 40+ apsauga saugo od\u0105 nuo saul\u0117s spinduli\u0173.<\/p>\n<p data-start=\"721\" data-end=\"735\">Savyb\u0117s:<\/p>\n<ul data-start=\"736\" data-end=\"1065\">\n<li data-start=\"736\" data-end=\"779\">\n<p data-start=\"738\" data-end=\"779\">100 % dr\u0117gm\u0119 i&scaron;garinantis poliesteris<\/p>\n<\/li>\n<li data-start=\"780\" data-end=\"847\">\n<p data-start=\"782\" data-end=\"847\">Labai lengvas audinys (129 g\/m&sup2;) &ndash; kv\u0117puojantis ir komforti&scaron;kas<\/p>\n<\/li>\n<li data-start=\"848\" data-end=\"891\">\n<p data-start=\"850\" data-end=\"891\">Sportinis kirpimas &ndash; aktyviam jud\u0117jimui<\/p>\n<\/li>\n<li data-start=\"892\" data-end=\"931\">\n<p data-start=\"894\" data-end=\"931\">UV 40+ apsauga nuo saul\u0117s spinduli\u0173<\/p>\n<table id=\"size-guide\" style=\"min-width: 360px\">\n<thead>\n<tr>\n<th style=\"padding: 10px\">&nbsp;<\/th>\n<th style=\"color: #000000;font-weight: 500;text-align: left;font-size: 15px;padding: 10px\">XS<\/th>\n<th style=\"color: #000000;font-weight: 500;text-align: left;font-size: 15px;padding: 10px\">S<\/th>\n<th style=\"color: #000000;font-weight: 500;text-align: left;font-size: 15px;padding: 10px\">M<\/th>\n<th style=\"color: #000000;font-weight: 500;text-align: left;font-size: 15px;padding: 10px\">L<\/th>\n<th style=\"color: #000000;font-weight: 500;text-align: left;font-size: 15px;padding: 10px\">XL<\/th>\n<th style=\"color: #000000;font-weight: 500;text-align: left;font-size: 15px;padding: 10px\">2XL<\/th>\n<\/tr>\n<\/thead>\n<tbody>\n<tr>\n<td style=\"padding: 10px;color: #525252;font-size: 15px;border-top: 1px solid #ededed\">Ilgis, cm<\/td>\n<td style=\"padding: 10px;color: #525252;font-size: 15px;border-top: 1px solid #ededed\">68.58<\/td>\n<td style=\"padding: 10px;color: #525252;font-size: 15px;border-top: 1px solid #ededed\">71.12<\/td>\n<td style=\"padding: 10px;color: #525252;font-size: 15px;border-top: 1px solid #ededed\">73.66<\/td>\n<td style=\"padding: 10px;color: #525252;font-size: 15px;border-top: 1px solid #ededed\">76.20<\/td>\n<td style=\"padding: 10px;color: #525252;font-size: 15px;border-top: 1px solid #ededed\">78.74<\/td>\n<td style=\"padding: 10px;color: #525252;font-size: 15px;border-top: 1px solid #ededed\">80.01<\/td>\n<\/tr>\n<tr>\n<td style=\"padding: 10px;color: #525252;font-size: 15px;border-top: 1px solid #ededed\">Plotis, cm<\/td>\n<td style=\"padding: 10px;color: #525252;font-size: 15px;border-top: 1px solid #ededed\">46.99<\/td>\n<td style=\"padding: 10px;color: #525252;font-size: 15px;border-top: 1px solid #ededed\">50.80<\/td>\n<td style=\"padding: 10px;color: #525252;font-size: 15px;border-top: 1px solid #ededed\">54.61<\/td>\n<td style=\"padding: 10px;color: #525252;font-size: 15px;border-top: 1px solid #ededed\">58.42<\/td>\n<td style=\"padding: 10px;color: #525252;font-size: 15px;border-top: 1px solid #ededed\">62.23<\/td>\n<td style=\"padding: 10px;color: #525252;font-size: 15px;border-top: 1px solid #ededed\">66.04<\/td>\n<\/tr>\n<tr>\n<td style=\"padding: 10px;color: #525252;font-size: 15px;border-top: 1px solid #ededed\">Rankov\u0117s ilgis, cm<\/td>\n<td style=\"padding: 10px;color: #525252;font-size: 15px;border-top: 1px solid #ededed\">44.77<\/td>\n<td style=\"padding: 10px;color: #525252;font-size: 15px;border-top: 1px solid #ededed\">46.99<\/td>\n<td style=\"padding: 10px;color: #525252;font-size: 15px;border-top: 1px solid #ededed\">49.21<\/td>\n<td style=\"padding: 10px;color: #525252;font-size: 15px;border-top: 1px solid #ededed\">51.44<\/td>\n<td style=\"padding: 10px;color: #525252;font-size: 15px;border-top: 1px solid #ededed\">53.66<\/td>\n<td style=\"padding: 10px;color: #525252;font-size: 15px;border-top: 1px solid #ededed\">55.88<\/td>\n<\/tr>\n<\/tbody>\n<\/table>\n<p>&nbsp;<\/li>\n<\/ul>\n","protected":false},"excerpt":{"rendered":"<p>&Scaron;ie unisex mar&scaron;kin\u0117liai yra puikus pasirinkimas visoms lauko veikloms. Pagaminti i&scaron; 100 % poliesterio su dr\u0117gm\u0119 i&scaron;garinan\u010dia technologija, jie padeda i&scaron;laikyti od\u0105 sausa net intensyviai judant. Audinys yra lengvas ir kv\u0117puojantis, o UV 40+ apsauga saugo od\u0105 nuo saul\u0117s spinduli\u0173. Savyb\u0117s: 100 % dr\u0117gm\u0119 i&scaron;garinantis poliesteris Labai lengvas audinys (129 g\/m&sup2;) &ndash; kv\u0117puojantis ir komforti&scaron;kas [&hellip;]<\/p>\n","protected":false},"featured_media":44534,"template":"","meta":[],"product_brand":[],"product_cat":[15],"product_tag":[],"class_list":{"0":"post-29558","1":"product","2":"type-product","3":"status-publish","4":"has-post-thumbnail","6":"product_cat-uncategorized","8":"first","9":"instock","10":"shipping-taxable","11":"purchasable","12":"product-type-variable","13":"has-default-attributes"},"_links":{"self":[{"href":"https:\/\/store.trektours.app\/lt\/wp-json\/wp\/v2\/product\/29558","targetHints":{"allow":["GET"]}}],"collection":[{"href":"https:\/\/store.trektours.app\/lt\/wp-json\/wp\/v2\/product"}],"about":[{"href":"https:\/\/store.trektours.app\/lt\/wp-json\/wp\/v2\/types\/product"}],"wp:featuredmedia":[{"embeddable":true,"href":"https:\/\/store.trektours.app\/lt\/wp-json\/wp\/v2\/media\/44534"}],"wp:attachment":[{"href":"https:\/\/store.trektours.app\/lt\/wp-json\/wp\/v2\/media?parent=29558"}],"wp:term":[{"taxonomy":"product_brand","embeddable":true,"href":"https:\/\/store.trektours.app\/lt\/wp-json\/wp\/v2\/product_brand?post=29558"},{"taxonomy":"product_cat","embeddable":true,"href":"https:\/\/store.trektours.app\/lt\/wp-json\/wp\/v2\/product_cat?post=29558"},{"taxonomy":"product_tag","embeddable":true,"href":"https:\/\/store.trektours.app\/lt\/wp-json\/wp\/v2\/product_tag?post=29558"}],"curies":[{"name":"wp","href":"https:\/\/api.w.org\/{rel}","templated":true}]}}