{"id":30311,"date":"2025-10-20T04:34:09","date_gmt":"2025-10-20T04:34:09","guid":{"rendered":"https:\/\/store.trektours.app\/product\/unisex-columbia-flisinis-dzemperis-su-siuvinejimu\/"},"modified":"2026-02-06T10:14:32","modified_gmt":"2026-02-06T10:14:32","slug":"unisex-columbia-flisinis-dzemperis-su-siuvinejimu","status":"publish","type":"product","link":"https:\/\/store.trektours.app\/lt\/produktas\/unisex-columbia-flisinis-dzemperis-su-siuvinejimu\/","title":{"rendered":"Unisex \u201eColumbia\u201c flisinis d\u017eemperis"},"content":{"rendered":"<p data-start=\"129\" data-end=\"223\">&bdquo;Columbia&ldquo; flisinis d\u017eemperis &ndash; &scaron;iluma, komfortas ir klasika viename<\/p>\n<p data-start=\"225\" data-end=\"488\">&Scaron;is siuvin\u0117tas flisinis d\u017eemperis puikiai dera tarp &scaron;ilumos, patogumo ir stiliaus. Pagamintas i&scaron; 100 % poliesterio MTR (&bdquo;Maximum Thermal Retention&ldquo;) fliso, kuris pasi\u017eymi puikiomis &scaron;ilumos sulaikymo savyb\u0117mis ir malonia, mink&scaron;ta tekst\u016bra.<\/p>\n<p data-start=\"490\" data-end=\"730\">D\u0117l sporti&scaron;ko kirpimo ir klasikinio dizaino &scaron;is d\u017eemperis tinka tiek \u017eygiams gamtoje, tiek kasdienai ar sluoksniavimui v\u0117sesniu oru. Jis yra lengvas, &scaron;iltas ir kv\u0117puojantis, tod\u0117l suteikia maksimal\u0173 komfort\u0105 visos dienos metu.<\/p>\n<p data-start=\"732\" data-end=\"746\">Savyb\u0117s:<\/p>\n<ul data-start=\"747\" data-end=\"1057\">\n<li data-start=\"747\" data-end=\"808\">\n<p data-start=\"749\" data-end=\"808\">100 % poliesterio MTR flisas &ndash; maksimaliai sulaiko &scaron;ilum\u0105<\/p>\n<\/li>\n<li data-start=\"747\" data-end=\"808\">\n<p data-start=\"749\" data-end=\"808\">Sporti&scaron;kas kirpimas &ndash; nevar\u017eo judesi\u0173<\/p>\n<\/li>\n<li data-start=\"896\" data-end=\"944\">\n<p data-start=\"898\" data-end=\"944\">Klasikinis stilius &ndash; tinka bet kokiai progai<\/p>\n<table id=\"size-guide\" style=\"min-width: 360px\">\n<thead>\n<tr>\n<th style=\"padding: 10px\">&nbsp;<\/th>\n<th style=\"color: #000000;font-weight: 500;text-align: left;font-size: 15px;padding: 10px\">S<\/th>\n<th style=\"color: #000000;font-weight: 500;text-align: left;font-size: 15px;padding: 10px\">M<\/th>\n<th style=\"color: #000000;font-weight: 500;text-align: left;font-size: 15px;padding: 10px\">L<\/th>\n<th style=\"color: #000000;font-weight: 500;text-align: left;font-size: 15px;padding: 10px\">XL<\/th>\n<th style=\"color: #000000;font-weight: 500;text-align: left;font-size: 15px;padding: 10px\">2XL<\/th>\n<\/tr>\n<\/thead>\n<tbody>\n<tr>\n<td style=\"padding: 10px;color: #525252;font-size: 15px;border-top: 1px solid #ededed\">Ilgis, cm<\/td>\n<td style=\"padding: 10px;color: #525252;font-size: 15px;border-top: 1px solid #ededed\">71.00<\/td>\n<td style=\"padding: 10px;color: #525252;font-size: 15px;border-top: 1px solid #ededed\">71.00<\/td>\n<td style=\"padding: 10px;color: #525252;font-size: 15px;border-top: 1px solid #ededed\">73.70<\/td>\n<td style=\"padding: 10px;color: #525252;font-size: 15px;border-top: 1px solid #ededed\">73.70<\/td>\n<td style=\"padding: 10px;color: #525252;font-size: 15px;border-top: 1px solid #ededed\">76.20<\/td>\n<\/tr>\n<tr>\n<td style=\"padding: 10px;color: #525252;font-size: 15px;border-top: 1px solid #ededed\">Plotis, cm<\/td>\n<td style=\"padding: 10px;color: #525252;font-size: 15px;border-top: 1px solid #ededed\">109.20<\/td>\n<td style=\"padding: 10px;color: #525252;font-size: 15px;border-top: 1px solid #ededed\">116.80<\/td>\n<td style=\"padding: 10px;color: #525252;font-size: 15px;border-top: 1px solid #ededed\">127.00<\/td>\n<td style=\"padding: 10px;color: #525252;font-size: 15px;border-top: 1px solid #ededed\">137.20<\/td>\n<td style=\"padding: 10px;color: #525252;font-size: 15px;border-top: 1px solid #ededed\">147.30<\/td>\n<\/tr>\n<tr>\n<td style=\"padding: 10px;color: #525252;font-size: 15px;border-top: 1px solid #ededed\">Rankov\u0117s ilgis nuo nugaros centro, cm<\/td>\n<td style=\"padding: 10px;color: #525252;font-size: 15px;border-top: 1px solid #ededed\">89.00<\/td>\n<td style=\"padding: 10px;color: #525252;font-size: 15px;border-top: 1px solid #ededed\">91.40<\/td>\n<td style=\"padding: 10px;color: #525252;font-size: 15px;border-top: 1px solid #ededed\">94.00<\/td>\n<td style=\"padding: 10px;color: #525252;font-size: 15px;border-top: 1px solid #ededed\">96.50<\/td>\n<td style=\"padding: 10px;color: #525252;font-size: 15px;border-top: 1px solid #ededed\">99.00<\/td>\n<\/tr>\n<\/tbody>\n<\/table>\n<p>&nbsp;<\/li>\n<\/ul>\n","protected":false},"excerpt":{"rendered":"<p>&bdquo;Columbia&ldquo; flisinis d\u017eemperis &ndash; &scaron;iluma, komfortas ir klasika viename &Scaron;is siuvin\u0117tas flisinis d\u017eemperis puikiai dera tarp &scaron;ilumos, patogumo ir stiliaus. Pagamintas i&scaron; 100 % poliesterio MTR (&bdquo;Maximum Thermal Retention&ldquo;) fliso, kuris pasi\u017eymi puikiomis &scaron;ilumos sulaikymo savyb\u0117mis ir malonia, mink&scaron;ta tekst\u016bra. D\u0117l sporti&scaron;ko kirpimo ir klasikinio dizaino &scaron;is d\u017eemperis tinka tiek \u017eygiams gamtoje, tiek kasdienai ar [&hellip;]<\/p>\n","protected":false},"featured_media":45350,"template":"","meta":[],"product_brand":[],"product_cat":[15],"product_tag":[],"class_list":{"0":"post-30311","1":"product","2":"type-product","3":"status-publish","4":"has-post-thumbnail","6":"product_cat-uncategorized","8":"first","9":"instock","10":"shipping-taxable","11":"purchasable","12":"product-type-variable","13":"has-default-attributes"},"_links":{"self":[{"href":"https:\/\/store.trektours.app\/lt\/wp-json\/wp\/v2\/product\/30311","targetHints":{"allow":["GET"]}}],"collection":[{"href":"https:\/\/store.trektours.app\/lt\/wp-json\/wp\/v2\/product"}],"about":[{"href":"https:\/\/store.trektours.app\/lt\/wp-json\/wp\/v2\/types\/product"}],"wp:featuredmedia":[{"embeddable":true,"href":"https:\/\/store.trektours.app\/lt\/wp-json\/wp\/v2\/media\/45350"}],"wp:attachment":[{"href":"https:\/\/store.trektours.app\/lt\/wp-json\/wp\/v2\/media?parent=30311"}],"wp:term":[{"taxonomy":"product_brand","embeddable":true,"href":"https:\/\/store.trektours.app\/lt\/wp-json\/wp\/v2\/product_brand?post=30311"},{"taxonomy":"product_cat","embeddable":true,"href":"https:\/\/store.trektours.app\/lt\/wp-json\/wp\/v2\/product_cat?post=30311"},{"taxonomy":"product_tag","embeddable":true,"href":"https:\/\/store.trektours.app\/lt\/wp-json\/wp\/v2\/product_tag?post=30311"}],"curies":[{"name":"wp","href":"https:\/\/api.w.org\/{rel}","templated":true}]}}