{"id":404,"date":"2023-10-19T11:09:34","date_gmt":"2023-10-19T11:09:34","guid":{"rendered":"https:\/\/store.trektours.app\/?post_type=product&#038;p=404"},"modified":"2025-10-07T14:57:37","modified_gmt":"2025-10-07T14:57:37","slug":"dovanu-kuponas-50-eur","status":"publish","type":"product","link":"https:\/\/store.trektours.app\/lt\/produktas\/dovanu-kuponas-50-eur\/","title":{"rendered":"Dovan\u0173 kuponas 50 EUR"},"content":{"rendered":"","protected":false},"excerpt":{"rendered":"<p><strong>Naudojimo taisykl\u0117s:<\/strong><\/p>\n<ul>\n<li>Dovan\u0173 kupon\u0105 galima panaudoti registruojantis \u012f bet kur\u012f <strong>TrenkTuro masin\u012f \u017eyg\u012f<\/strong>.<\/li>\n<li>Registruojantis \u012f masin\u012f \u017eyg\u012f, 3-\u010diame registracijos \u017eingsnyje pateikite Dovan\u0173 kupone para\u0161yt\u0105 unikal\u0173 kod\u0105.<\/li>\n<li>Dovan\u0173 kuponas galioja 12 m\u0117n. nuo \u012fsigyjimo datos.<\/li>\n<li>Kupone nurodyt\u0105 sum\u0105 galite i\u0161leisti per kelis kartus.<\/li>\n<li>Dovan\u0173 kuponas n\u0117ra vardinis, j\u012f galima panaudoti registruojant skirtingus asmenis.<\/li>\n<\/ul>\n<p>&nbsp;<\/p>\n<p>Dovan\u0173 kupon\u0105 gausite \u012f nurodyt\u0105 el. pa\u0161to adres\u0105 per 15 min. nuo apmok\u0117jimo.<\/p>\n","protected":false},"featured_media":566,"template":"","meta":[],"product_brand":[89],"product_cat":[42],"product_tag":[],"class_list":{"0":"post-404","1":"product","2":"type-product","3":"status-publish","4":"has-post-thumbnail","6":"product_brand-trenkturas","7":"product_cat-dovanu-kuponai","9":"first","10":"instock","11":"virtual","12":"purchasable","13":"product-type-simple"},"_links":{"self":[{"href":"https:\/\/store.trektours.app\/lt\/wp-json\/wp\/v2\/product\/404","targetHints":{"allow":["GET"]}}],"collection":[{"href":"https:\/\/store.trektours.app\/lt\/wp-json\/wp\/v2\/product"}],"about":[{"href":"https:\/\/store.trektours.app\/lt\/wp-json\/wp\/v2\/types\/product"}],"wp:featuredmedia":[{"embeddable":true,"href":"https:\/\/store.trektours.app\/lt\/wp-json\/wp\/v2\/media\/566"}],"wp:attachment":[{"href":"https:\/\/store.trektours.app\/lt\/wp-json\/wp\/v2\/media?parent=404"}],"wp:term":[{"taxonomy":"product_brand","embeddable":true,"href":"https:\/\/store.trektours.app\/lt\/wp-json\/wp\/v2\/product_brand?post=404"},{"taxonomy":"product_cat","embeddable":true,"href":"https:\/\/store.trektours.app\/lt\/wp-json\/wp\/v2\/product_cat?post=404"},{"taxonomy":"product_tag","embeddable":true,"href":"https:\/\/store.trektours.app\/lt\/wp-json\/wp\/v2\/product_tag?post=404"}],"curies":[{"name":"wp","href":"https:\/\/api.w.org\/{rel}","templated":true}]}}