{"id":43496,"date":"2026-02-06T09:31:24","date_gmt":"2026-02-06T09:31:24","guid":{"rendered":"https:\/\/store.trektours.app\/product\/trenkturas-unisex-dzemperis-be-gobtuvo-su-sukiu-violetine-rodykle\/"},"modified":"2026-02-06T10:38:48","modified_gmt":"2026-02-06T10:38:48","slug":"trenkturas-unisex-dzemperis-be-gobtuvo-su-sukiu-violetine-rodykle","status":"publish","type":"product","link":"https:\/\/store.trektours.app\/lt\/produktas\/trenkturas-unisex-dzemperis-be-gobtuvo-su-sukiu-violetine-rodykle\/","title":{"rendered":"TrenkTuras unisex d\u017eemperis be gobtuvo su \u0161\u016bkiu (violetin\u0117 rodykl\u0117)"},"content":{"rendered":"<p data-start=\"171\" data-end=\"263\">Klasikinis d\u017eemperis be gobtuvo &ndash; &scaron;velnumas, kokyb\u0117 ir tvarumas viename.<\/p>\n<p data-start=\"265\" data-end=\"487\">&Scaron;is d\u017eemperis be gobtuvo sujungia nepriekai&scaron;ting\u0105 kokyb\u0119 ir patog\u0173 stili\u0173. Pagamintas i&scaron; 100 % &scaron;ukuotos &bdquo;ring-spun&ldquo; medviln\u0117s, tod\u0117l yra ypa\u010d mink&scaron;tas, malonus liesti ir puikiai tinka kasdieniam d\u0117v\u0117jimui.<\/p>\n<p data-start=\"489\" data-end=\"688\">Audinys da\u017eytas sertifikuotais OEKO-TEX&reg; da\u017eais, kurie yra saug\u016bs odai ir aplinkai. D\u017eemperis pasi\u017eymi pa\u017eemintais pe\u010diais (rolled forward shoulder), kurie suteikia laisv\u0105, modern\u0173 siluet\u0105.<\/p>\n<p data-start=\"690\" data-end=\"895\">&bdquo;Comfort Colors&ldquo; priklauso US Cotton Trust Protocol programai, u\u017etikrinan\u010diai tvar\u0173 medviln\u0117s auginim\u0105 ir atsaking\u0105 gamyb\u0105 &ndash; tad rinkdamiesi &scaron;\u012f d\u017eemper\u012f prisidedate prie aplinkai draugi&scaron;kesn\u0117s mados.<\/p>\n<p data-start=\"897\" data-end=\"911\">Savyb\u0117s:<\/p>\n<ul data-start=\"912\" data-end=\"1240\">\n<li data-start=\"912\" data-end=\"950\">\n<p data-start=\"914\" data-end=\"950\">100 % &scaron;ukuota &bdquo;ring-spun&ldquo; medviln\u0117<\/p>\n<\/li>\n<li data-start=\"951\" data-end=\"1008\">\n<p data-start=\"953\" data-end=\"1008\">Lengvas audinys (217 g\/m&sup2;) &ndash; mink&scaron;tas ir kv\u0117puojantis<\/p>\n<\/li>\n<li data-start=\"1009\" data-end=\"1045\">\n<p data-start=\"1011\" data-end=\"1045\">Laisvas kirpimas (&bdquo;relaxed fit&ldquo;)<\/p>\n<\/li>\n<li data-start=\"1046\" data-end=\"1086\">\n<p data-start=\"1048\" data-end=\"1086\">Pa\u017eeminti pe\u010diai &ndash; patogiam siluetui<\/p>\n<\/li>\n<li data-start=\"1087\" data-end=\"1120\">\n<p data-start=\"1089\" data-end=\"1120\">\u012esi\u016bta tvirta drobin\u0117 etiket\u0117<\/p>\n<\/li>\n<li data-start=\"1121\" data-end=\"1189\">\n<p data-start=\"1123\" data-end=\"1189\">Da\u017eytas OEKO-TEX&reg; sertifikuotais, aplinkai nekenksmingais da\u017eais<\/p>\n<\/li>\n<li data-start=\"1121\" data-end=\"1189\">\n<p data-start=\"1123\" data-end=\"1189\">Pagamintas i&scaron; tvariai u\u017eaugintos JAV medviln\u0117s<\/p>\n<\/li>\n<\/ul>\n<table id=\"size-guide\" style=\"min-width: 360px\">\n<thead>\n<tr>\n<th style=\"padding: 10px\">&nbsp;<\/th>\n<th style=\"color: #000000;font-weight: 500;text-align: left;font-size: 15px;padding: 10px\">S<\/th>\n<th style=\"color: #000000;font-weight: 500;text-align: left;font-size: 15px;padding: 10px\">M<\/th>\n<th style=\"color: #000000;font-weight: 500;text-align: left;font-size: 15px;padding: 10px\">L<\/th>\n<th style=\"color: #000000;font-weight: 500;text-align: left;font-size: 15px;padding: 10px\">XL<\/th>\n<th style=\"color: #000000;font-weight: 500;text-align: left;font-size: 15px;padding: 10px\">2XL<\/th>\n<th style=\"color: #000000;font-weight: 500;text-align: left;font-size: 15px;padding: 10px\">3XL<\/th>\n<\/tr>\n<\/thead>\n<tbody>\n<tr>\n<td style=\"padding: 10px;color: #525252;font-size: 15px;border-top: 1px solid #ededed\">Plotis, cm<\/td>\n<td style=\"padding: 10px;color: #525252;font-size: 15px;border-top: 1px solid #ededed\">50.80<\/td>\n<td style=\"padding: 10px;color: #525252;font-size: 15px;border-top: 1px solid #ededed\">55.88<\/td>\n<td style=\"padding: 10px;color: #525252;font-size: 15px;border-top: 1px solid #ededed\">60.96<\/td>\n<td style=\"padding: 10px;color: #525252;font-size: 15px;border-top: 1px solid #ededed\">66.04<\/td>\n<td style=\"padding: 10px;color: #525252;font-size: 15px;border-top: 1px solid #ededed\">71.12<\/td>\n<td style=\"padding: 10px;color: #525252;font-size: 15px;border-top: 1px solid #ededed\">76.20<\/td>\n<\/tr>\n<tr>\n<td style=\"padding: 10px;color: #525252;font-size: 15px;border-top: 1px solid #ededed\">Ilgis, cm<\/td>\n<td style=\"padding: 10px;color: #525252;font-size: 15px;border-top: 1px solid #ededed\">68.58<\/td>\n<td style=\"padding: 10px;color: #525252;font-size: 15px;border-top: 1px solid #ededed\">71.12<\/td>\n<td style=\"padding: 10px;color: #525252;font-size: 15px;border-top: 1px solid #ededed\">73.66<\/td>\n<td style=\"padding: 10px;color: #525252;font-size: 15px;border-top: 1px solid #ededed\">76.20<\/td>\n<td style=\"padding: 10px;color: #525252;font-size: 15px;border-top: 1px solid #ededed\">78.74<\/td>\n<td style=\"padding: 10px;color: #525252;font-size: 15px;border-top: 1px solid #ededed\">81.28<\/td>\n<\/tr>\n<tr>\n<td style=\"padding: 10px;color: #525252;font-size: 15px;border-top: 1px solid #ededed\">Rankov\u0117s ilgis nuo kaklo si\u016bl\u0117s, cm<\/td>\n<td style=\"padding: 10px;color: #525252;font-size: 15px;border-top: 1px solid #ededed\">85.09<\/td>\n<td style=\"padding: 10px;color: #525252;font-size: 15px;border-top: 1px solid #ededed\">87.63<\/td>\n<td style=\"padding: 10px;color: #525252;font-size: 15px;border-top: 1px solid #ededed\">90.17<\/td>\n<td style=\"padding: 10px;color: #525252;font-size: 15px;border-top: 1px solid #ededed\">92.71<\/td>\n<td style=\"padding: 10px;color: #525252;font-size: 15px;border-top: 1px solid #ededed\">95.25<\/td>\n<td style=\"padding: 10px;color: #525252;font-size: 15px;border-top: 1px solid #ededed\">97.79<\/td>\n<\/tr>\n<tr>\n<td style=\"padding: 10px;color: #525252;font-size: 15px;border-top: 1px solid #ededed\">Galima paklaida, cm<\/td>\n<td style=\"padding: 10px;color: #525252;font-size: 15px;border-top: 1px solid #ededed\">2.54<\/td>\n<td style=\"padding: 10px;color: #525252;font-size: 15px;border-top: 1px solid #ededed\">2.54<\/td>\n<td style=\"padding: 10px;color: #525252;font-size: 15px;border-top: 1px solid #ededed\">2.54<\/td>\n<td style=\"padding: 10px;color: #525252;font-size: 15px;border-top: 1px solid #ededed\">2.54<\/td>\n<td style=\"padding: 10px;color: #525252;font-size: 15px;border-top: 1px solid #ededed\">2.54<\/td>\n<td style=\"padding: 10px;color: #525252;font-size: 15px;border-top: 1px solid #ededed\">2.54<\/td>\n<\/tr>\n<\/tbody>\n<\/table>\n<p data-start=\"1192\" data-end=\"1240\">&nbsp;<\/p>\n","protected":false},"excerpt":{"rendered":"<p>Klasikinis d\u017eemperis be gobtuvo &ndash; &scaron;velnumas, kokyb\u0117 ir tvarumas viename. &Scaron;is d\u017eemperis be gobtuvo sujungia nepriekai&scaron;ting\u0105 kokyb\u0119 ir patog\u0173 stili\u0173. Pagamintas i&scaron; 100 % &scaron;ukuotos &bdquo;ring-spun&ldquo; medviln\u0117s, tod\u0117l yra ypa\u010d mink&scaron;tas, malonus liesti ir puikiai tinka kasdieniam d\u0117v\u0117jimui. Audinys da\u017eytas sertifikuotais OEKO-TEX&reg; da\u017eais, kurie yra saug\u016bs odai ir aplinkai. D\u017eemperis pasi\u017eymi pa\u017eemintais pe\u010diais (rolled forward [&hellip;]<\/p>\n","protected":false},"featured_media":46838,"template":"","meta":[],"product_brand":[],"product_cat":[15],"product_tag":[],"class_list":{"0":"post-43496","1":"product","2":"type-product","3":"status-publish","4":"has-post-thumbnail","6":"product_cat-uncategorized","8":"first","9":"instock","10":"shipping-taxable","11":"purchasable","12":"product-type-variable","13":"has-default-attributes"},"_links":{"self":[{"href":"https:\/\/store.trektours.app\/lt\/wp-json\/wp\/v2\/product\/43496","targetHints":{"allow":["GET"]}}],"collection":[{"href":"https:\/\/store.trektours.app\/lt\/wp-json\/wp\/v2\/product"}],"about":[{"href":"https:\/\/store.trektours.app\/lt\/wp-json\/wp\/v2\/types\/product"}],"wp:featuredmedia":[{"embeddable":true,"href":"https:\/\/store.trektours.app\/lt\/wp-json\/wp\/v2\/media\/46838"}],"wp:attachment":[{"href":"https:\/\/store.trektours.app\/lt\/wp-json\/wp\/v2\/media?parent=43496"}],"wp:term":[{"taxonomy":"product_brand","embeddable":true,"href":"https:\/\/store.trektours.app\/lt\/wp-json\/wp\/v2\/product_brand?post=43496"},{"taxonomy":"product_cat","embeddable":true,"href":"https:\/\/store.trektours.app\/lt\/wp-json\/wp\/v2\/product_cat?post=43496"},{"taxonomy":"product_tag","embeddable":true,"href":"https:\/\/store.trektours.app\/lt\/wp-json\/wp\/v2\/product_tag?post=43496"}],"curies":[{"name":"wp","href":"https:\/\/api.w.org\/{rel}","templated":true}]}}