{"id":43517,"date":"2026-02-06T09:31:37","date_gmt":"2026-02-06T09:31:37","guid":{"rendered":"https:\/\/store.trektours.app\/product\/trenkturas-unisex-dzemperis-be-gobtuvo-su-sukiu-zalia-rodykle\/"},"modified":"2026-02-06T10:36:17","modified_gmt":"2026-02-06T10:36:17","slug":"trenkturas-unisex-dzemperis-be-gobtuvo-su-sukiu-zalia-rodykle","status":"publish","type":"product","link":"https:\/\/store.trektours.app\/lt\/produktas\/trenkturas-unisex-dzemperis-be-gobtuvo-su-sukiu-zalia-rodykle\/","title":{"rendered":"TrenkTuras unisex d\u017eemperis be gobtuvo su \u0161\u016bkiu (\u017ealia rodykl\u0117)"},"content":{"rendered":"<p data-start=\"171\" data-end=\"263\"><span dir=\"auto\" style=\"vertical-align: inherit\"><span dir=\"auto\" style=\"vertical-align: inherit\">Klasikinis d\u017eemperis be gobtuvo &ndash; &scaron;velnumas, kokyb\u0117 ir tvarumas viename.<\/span><\/span><\/p>\n<p data-start=\"265\" data-end=\"487\"><span dir=\"auto\" style=\"vertical-align: inherit\"><span dir=\"auto\" style=\"vertical-align: inherit\">&Scaron;is d\u017eemperis be gobtuvo sujungia nepriekai&scaron;ting\u0105 kokyb\u0119 ir patog\u0173 stili\u0173. Pagamintas i&scaron; 100 % &scaron;ukuotos &bdquo;ring-spun&ldquo; medviln\u0117s, tod\u0117l yra ypa\u010d mink&scaron;tas, malonus liesti ir puikiai tinka kasdieniam d\u0117v\u0117jimui.<\/span><\/span><\/p>\n<p data-start=\"489\" data-end=\"688\"><span dir=\"auto\" style=\"vertical-align: inherit\"><span dir=\"auto\" style=\"vertical-align: inherit\">Audinys da\u017eytas sertifikuotas OEKO-TEX&reg; da\u017eais, kurie yra saug\u016bs odai ir aplinkai. D\u017eemperis pa\u017eemintais pe\u010diai (rolled forward shoulder), kurie suteikia laisv\u0105 modern\u0173 siluet\u0105.<\/span><\/span><\/p>\n<p data-start=\"690\" data-end=\"895\"><span dir=\"auto\" style=\"vertical-align: inherit\"><span dir=\"auto\" style=\"vertical-align: inherit\">&bdquo;Comfort Colors&ldquo; priklauso US Cotton Trust Protocol programos, u\u017etikrinan\u010dios tvar\u0173 medviln\u0117s auginim\u0105 ir atsaking\u0105 pateikt\u0105 &ndash; tad rinkdamiesi &scaron;\u012f d\u017eemper\u012f stebite prie aplinkai draugi&scaron;kesni\u0173 mados.<\/span><\/span><\/p>\n<p data-start=\"897\" data-end=\"911\"><span dir=\"auto\" style=\"vertical-align: inherit\"><span dir=\"auto\" style=\"vertical-align: inherit\">Savyb\u0117s:<\/span><\/span><\/p>\n<ul data-start=\"912\" data-end=\"1240\">\n<li data-start=\"912\" data-end=\"950\">\n<p data-start=\"914\" data-end=\"950\"><span dir=\"auto\" style=\"vertical-align: inherit\"><span dir=\"auto\" style=\"vertical-align: inherit\">100 % &scaron;ukuota &bdquo;ring-spun&ldquo; medviln\u0117<\/span><\/span><\/p>\n<\/li>\n<li data-start=\"951\" data-end=\"1008\">\n<p data-start=\"953\" data-end=\"1008\"><span dir=\"auto\" style=\"vertical-align: inherit\"><span dir=\"auto\" style=\"vertical-align: inherit\">Lengvas audinys (217 g\/m&sup2;) &ndash; mink&scaron;tas ir kv\u0117puojantis<\/span><\/span><\/p>\n<\/li>\n<li data-start=\"1009\" data-end=\"1045\">\n<p data-start=\"1011\" data-end=\"1045\"><span dir=\"auto\" style=\"vertical-align: inherit\"><span dir=\"auto\" style=\"vertical-align: inherit\">Laisvas kirpimas (&bdquo;atsipalaidav\u0119s&ldquo;)<\/span><\/span><\/p>\n<\/li>\n<li data-start=\"1046\" data-end=\"1086\">\n<p data-start=\"1048\" data-end=\"1086\"><span dir=\"auto\" style=\"vertical-align: inherit\"><span dir=\"auto\" style=\"vertical-align: inherit\">Pa\u017eeminti pe\u010diai &ndash; patogiam siluetui<\/span><\/span><\/p>\n<\/li>\n<li data-start=\"1087\" data-end=\"1120\">\n<p data-start=\"1089\" data-end=\"1120\"><span dir=\"auto\" style=\"vertical-align: inherit\"><span dir=\"auto\" style=\"vertical-align: inherit\">\u012esi\u016bta tvirta drobin\u0117 etiket\u0117<\/span><\/span><\/p>\n<\/li>\n<li data-start=\"1121\" data-end=\"1189\">\n<p data-start=\"1123\" data-end=\"1189\"><span dir=\"auto\" style=\"vertical-align: inherit\"><span dir=\"auto\" style=\"vertical-align: inherit\">Da\u017eytas OEKO-TEX&reg; sertifikuotas, aplinkai nekenksmingais da\u017eais<\/span><\/span><\/p>\n<\/li>\n<li data-start=\"1121\" data-end=\"1189\">\n<p data-start=\"1123\" data-end=\"1189\"><span dir=\"auto\" style=\"vertical-align: inherit\"><span dir=\"auto\" style=\"vertical-align: inherit\">Pagamintas i&scaron; tvari\u0173 u\u017eaugintos JAV medviln\u0117s<\/span><\/span><\/p>\n<\/li>\n<\/ul>\n<table id=\"size-guide\" style=\"min-width: 360px\">\n<thead>\n<tr>\n<th style=\"padding: 10px\">&nbsp;<\/th>\n<th style=\"color: #000000;font-weight: 500;text-align: left;font-size: 15px;padding: 10px\"><span dir=\"auto\" style=\"vertical-align: inherit\"><span dir=\"auto\" style=\"vertical-align: inherit\">S<\/span><\/span><\/th>\n<th style=\"color: #000000;font-weight: 500;text-align: left;font-size: 15px;padding: 10px\"><span dir=\"auto\" style=\"vertical-align: inherit\"><span dir=\"auto\" style=\"vertical-align: inherit\">M.<\/span><\/span><\/th>\n<th style=\"color: #000000;font-weight: 500;text-align: left;font-size: 15px;padding: 10px\"><span dir=\"auto\" style=\"vertical-align: inherit\"><span dir=\"auto\" style=\"vertical-align: inherit\">L<\/span><\/span><\/th>\n<th style=\"color: #000000;font-weight: 500;text-align: left;font-size: 15px;padding: 10px\"><span dir=\"auto\" style=\"vertical-align: inherit\"><span dir=\"auto\" style=\"vertical-align: inherit\">XL<\/span><\/span><\/th>\n<th style=\"color: #000000;font-weight: 500;text-align: left;font-size: 15px;padding: 10px\"><span dir=\"auto\" style=\"vertical-align: inherit\"><span dir=\"auto\" style=\"vertical-align: inherit\">2XL<\/span><\/span><\/th>\n<th style=\"color: #000000;font-weight: 500;text-align: left;font-size: 15px;padding: 10px\"><span dir=\"auto\" style=\"vertical-align: inherit\"><span dir=\"auto\" style=\"vertical-align: inherit\">3XL<\/span><\/span><\/th>\n<\/tr>\n<\/thead>\n<tbody>\n<tr>\n<td style=\"padding: 10px;color: #525252;font-size: 15px;border-top: 1px solid #ededed\"><span dir=\"auto\" style=\"vertical-align: inherit\"><span dir=\"auto\" style=\"vertical-align: inherit\">Plotis, cm<\/span><\/span><\/td>\n<td style=\"padding: 10px;color: #525252;font-size: 15px;border-top: 1px solid #ededed\"><span dir=\"auto\" style=\"vertical-align: inherit\"><span dir=\"auto\" style=\"vertical-align: inherit\">50,80<\/span><\/span><\/td>\n<td style=\"padding: 10px;color: #525252;font-size: 15px;border-top: 1px solid #ededed\"><span dir=\"auto\" style=\"vertical-align: inherit\"><span dir=\"auto\" style=\"vertical-align: inherit\">55,88<\/span><\/span><\/td>\n<td style=\"padding: 10px;color: #525252;font-size: 15px;border-top: 1px solid #ededed\"><span dir=\"auto\" style=\"vertical-align: inherit\"><span dir=\"auto\" style=\"vertical-align: inherit\">60,96<\/span><\/span><\/td>\n<td style=\"padding: 10px;color: #525252;font-size: 15px;border-top: 1px solid #ededed\"><span dir=\"auto\" style=\"vertical-align: inherit\"><span dir=\"auto\" style=\"vertical-align: inherit\">66,04<\/span><\/span><\/td>\n<td style=\"padding: 10px;color: #525252;font-size: 15px;border-top: 1px solid #ededed\"><span dir=\"auto\" style=\"vertical-align: inherit\"><span dir=\"auto\" style=\"vertical-align: inherit\">71.12<\/span><\/span><\/td>\n<td style=\"padding: 10px;color: #525252;font-size: 15px;border-top: 1px solid #ededed\"><span dir=\"auto\" style=\"vertical-align: inherit\"><span dir=\"auto\" style=\"vertical-align: inherit\">76,20<\/span><\/span><\/td>\n<\/tr>\n<tr>\n<td style=\"padding: 10px;color: #525252;font-size: 15px;border-top: 1px solid #ededed\"><span dir=\"auto\" style=\"vertical-align: inherit\"><span dir=\"auto\" style=\"vertical-align: inherit\">Ilgis, cm<\/span><\/span><\/td>\n<td style=\"padding: 10px;color: #525252;font-size: 15px;border-top: 1px solid #ededed\"><span dir=\"auto\" style=\"vertical-align: inherit\"><span dir=\"auto\" style=\"vertical-align: inherit\">68,58<\/span><\/span><\/td>\n<td style=\"padding: 10px;color: #525252;font-size: 15px;border-top: 1px solid #ededed\"><span dir=\"auto\" style=\"vertical-align: inherit\"><span dir=\"auto\" style=\"vertical-align: inherit\">71.12<\/span><\/span><\/td>\n<td style=\"padding: 10px;color: #525252;font-size: 15px;border-top: 1px solid #ededed\"><span dir=\"auto\" style=\"vertical-align: inherit\"><span dir=\"auto\" style=\"vertical-align: inherit\">73,66<\/span><\/span><\/td>\n<td style=\"padding: 10px;color: #525252;font-size: 15px;border-top: 1px solid #ededed\"><span dir=\"auto\" style=\"vertical-align: inherit\"><span dir=\"auto\" style=\"vertical-align: inherit\">76,20<\/span><\/span><\/td>\n<td style=\"padding: 10px;color: #525252;font-size: 15px;border-top: 1px solid #ededed\"><span dir=\"auto\" style=\"vertical-align: inherit\"><span dir=\"auto\" style=\"vertical-align: inherit\">78,74<\/span><\/span><\/td>\n<td style=\"padding: 10px;color: #525252;font-size: 15px;border-top: 1px solid #ededed\"><span dir=\"auto\" style=\"vertical-align: inherit\"><span dir=\"auto\" style=\"vertical-align: inherit\">81,28<\/span><\/span><\/td>\n<\/tr>\n<tr>\n<td style=\"padding: 10px;color: #525252;font-size: 15px;border-top: 1px solid #ededed\"><span dir=\"auto\" style=\"vertical-align: inherit\"><span dir=\"auto\" style=\"vertical-align: inherit\">Rankov\u0117s ilgis nuo kaklo si\u016bl\u0117s, cm<\/span><\/span><\/td>\n<td style=\"padding: 10px;color: #525252;font-size: 15px;border-top: 1px solid #ededed\"><span dir=\"auto\" style=\"vertical-align: inherit\"><span dir=\"auto\" style=\"vertical-align: inherit\">85,09<\/span><\/span><\/td>\n<td style=\"padding: 10px;color: #525252;font-size: 15px;border-top: 1px solid #ededed\"><span dir=\"auto\" style=\"vertical-align: inherit\"><span dir=\"auto\" style=\"vertical-align: inherit\">87,63<\/span><\/span><\/td>\n<td style=\"padding: 10px;color: #525252;font-size: 15px;border-top: 1px solid #ededed\"><span dir=\"auto\" style=\"vertical-align: inherit\"><span dir=\"auto\" style=\"vertical-align: inherit\">90,17<\/span><\/span><\/td>\n<td style=\"padding: 10px;color: #525252;font-size: 15px;border-top: 1px solid #ededed\"><span dir=\"auto\" style=\"vertical-align: inherit\"><span dir=\"auto\" style=\"vertical-align: inherit\">92,71<\/span><\/span><\/td>\n<td style=\"padding: 10px;color: #525252;font-size: 15px;border-top: 1px solid #ededed\"><span dir=\"auto\" style=\"vertical-align: inherit\"><span dir=\"auto\" style=\"vertical-align: inherit\">95,25<\/span><\/span><\/td>\n<td style=\"padding: 10px;color: #525252;font-size: 15px;border-top: 1px solid #ededed\"><span dir=\"auto\" style=\"vertical-align: inherit\"><span dir=\"auto\" style=\"vertical-align: inherit\">97,79<\/span><\/span><\/td>\n<\/tr>\n<tr>\n<td style=\"padding: 10px;color: #525252;font-size: 15px;border-top: 1px solid #ededed\"><span dir=\"auto\" style=\"vertical-align: inherit\"><span dir=\"auto\" style=\"vertical-align: inherit\">Galima pakloda, cm<\/span><\/span><\/td>\n<td style=\"padding: 10px;color: #525252;font-size: 15px;border-top: 1px solid #ededed\"><span dir=\"auto\" style=\"vertical-align: inherit\"><span dir=\"auto\" style=\"vertical-align: inherit\">2.54<\/span><\/span><\/td>\n<td style=\"padding: 10px;color: #525252;font-size: 15px;border-top: 1px solid #ededed\"><span dir=\"auto\" style=\"vertical-align: inherit\"><span dir=\"auto\" style=\"vertical-align: inherit\">2.54<\/span><\/span><\/td>\n<td style=\"padding: 10px;color: #525252;font-size: 15px;border-top: 1px solid #ededed\"><span dir=\"auto\" style=\"vertical-align: inherit\"><span dir=\"auto\" style=\"vertical-align: inherit\">2.54<\/span><\/span><\/td>\n<td style=\"padding: 10px;color: #525252;font-size: 15px;border-top: 1px solid #ededed\"><span dir=\"auto\" style=\"vertical-align: inherit\"><span dir=\"auto\" style=\"vertical-align: inherit\">2.54<\/span><\/span><\/td>\n<td style=\"padding: 10px;color: #525252;font-size: 15px;border-top: 1px solid #ededed\"><span dir=\"auto\" style=\"vertical-align: inherit\"><span dir=\"auto\" style=\"vertical-align: inherit\">2.54<\/span><\/span><\/td>\n<td style=\"padding: 10px;color: #525252;font-size: 15px;border-top: 1px solid #ededed\"><span dir=\"auto\" style=\"vertical-align: inherit\"><span dir=\"auto\" style=\"vertical-align: inherit\">2.54<\/span><\/span><\/td>\n<\/tr>\n<\/tbody>\n<\/table>\n<p data-start=\"1192\" data-end=\"1240\">&nbsp;<\/p>\n","protected":false},"excerpt":{"rendered":"<p>Klasikinis d\u017eemperis be gobtuvo &ndash; &scaron;velnumas, kokyb\u0117 ir tvarumas viename. &Scaron;is d\u017eemperis be gobtuvo sujungia nepriekai&scaron;ting\u0105 kokyb\u0119 ir patog\u0173 stili\u0173. Pagamintas i&scaron; 100 % &scaron;ukuotos &bdquo;ring-spun&ldquo; medviln\u0117s, tod\u0117l yra ypa\u010d mink&scaron;tas, malonus liesti ir puikiai tinka kasdieniam d\u0117v\u0117jimui. Audinys da\u017eytas sertifikuotas OEKO-TEX&reg; da\u017eais, kurie yra saug\u016bs odai ir aplinkai. D\u017eemperis pa\u017eemintais pe\u010diai (rolled forward shoulder), [&hellip;]<\/p>\n","protected":false},"featured_media":46598,"template":"","meta":[],"product_brand":[],"product_cat":[15],"product_tag":[],"class_list":{"0":"post-43517","1":"product","2":"type-product","3":"status-publish","4":"has-post-thumbnail","6":"product_cat-uncategorized","8":"first","9":"instock","10":"shipping-taxable","11":"purchasable","12":"product-type-variable","13":"has-default-attributes"},"_links":{"self":[{"href":"https:\/\/store.trektours.app\/lt\/wp-json\/wp\/v2\/product\/43517","targetHints":{"allow":["GET"]}}],"collection":[{"href":"https:\/\/store.trektours.app\/lt\/wp-json\/wp\/v2\/product"}],"about":[{"href":"https:\/\/store.trektours.app\/lt\/wp-json\/wp\/v2\/types\/product"}],"wp:featuredmedia":[{"embeddable":true,"href":"https:\/\/store.trektours.app\/lt\/wp-json\/wp\/v2\/media\/46598"}],"wp:attachment":[{"href":"https:\/\/store.trektours.app\/lt\/wp-json\/wp\/v2\/media?parent=43517"}],"wp:term":[{"taxonomy":"product_brand","embeddable":true,"href":"https:\/\/store.trektours.app\/lt\/wp-json\/wp\/v2\/product_brand?post=43517"},{"taxonomy":"product_cat","embeddable":true,"href":"https:\/\/store.trektours.app\/lt\/wp-json\/wp\/v2\/product_cat?post=43517"},{"taxonomy":"product_tag","embeddable":true,"href":"https:\/\/store.trektours.app\/lt\/wp-json\/wp\/v2\/product_tag?post=43517"}],"curies":[{"name":"wp","href":"https:\/\/api.w.org\/{rel}","templated":true}]}}