{"id":207,"date":"2023-08-11T11:45:41","date_gmt":"2023-08-11T11:45:41","guid":{"rendered":"https:\/\/store.trektours.app\/product\/davanas-kupons\/"},"modified":"2025-10-07T14:56:12","modified_gmt":"2025-10-07T14:56:12","slug":"davanas-kupons","status":"publish","type":"product","link":"https:\/\/store.trektours.app\/lv\/product\/davanas-kupons\/","title":{"rendered":"D\u0101vanas kupons"},"content":{"rendered":"","protected":false},"excerpt":{"rendered":"<p><strong>Lieto\u0161anas noteikumi:<\/strong><\/p>\n<ul>\n<li>D\u0101vanu kuponu var izmantot, re\u0123istr\u0113joties jebkuram <strong>TrekTours masu p\u0101rg\u0101jienam<\/strong>.<\/li>\n<li>Re\u0123istr\u0113joties masu p\u0101rg\u0101jienam, l\u016bdzu, nor\u0101diet unik\u0101lo kodu, kas uzrakst\u012bts uz d\u0101vanu kupona re\u0123istr\u0101cijas procesa 3. sol\u012b.<\/li>\n<li>D\u0101vanu kupons ir der\u012bgs 12 m\u0113ne\u0161us no pirkuma datuma.<\/li>\n<li>Kupona summu varat izt\u0113r\u0113t vair\u0101k\u0101s da\u013c\u0101s.<\/li>\n<li>D\u0101vanu kupons nav personaliz\u0113ts, un to var izmantot, lai re\u0123istr\u0113tu da\u017e\u0101das personas.<\/li>\n<\/ul>\n","protected":false},"featured_media":365,"template":"","meta":[],"product_brand":[83],"product_cat":[53],"product_tag":[],"class_list":{"0":"post-207","1":"product","2":"type-product","3":"status-publish","4":"has-post-thumbnail","6":"product_brand-trektours-lv","7":"product_cat-davanu-kartes","9":"first","10":"instock","11":"virtual","12":"purchasable","13":"product-type-simple"},"_links":{"self":[{"href":"https:\/\/store.trektours.app\/lv\/wp-json\/wp\/v2\/product\/207","targetHints":{"allow":["GET"]}}],"collection":[{"href":"https:\/\/store.trektours.app\/lv\/wp-json\/wp\/v2\/product"}],"about":[{"href":"https:\/\/store.trektours.app\/lv\/wp-json\/wp\/v2\/types\/product"}],"wp:featuredmedia":[{"embeddable":true,"href":"https:\/\/store.trektours.app\/lv\/wp-json\/wp\/v2\/media\/365"}],"wp:attachment":[{"href":"https:\/\/store.trektours.app\/lv\/wp-json\/wp\/v2\/media?parent=207"}],"wp:term":[{"taxonomy":"product_brand","embeddable":true,"href":"https:\/\/store.trektours.app\/lv\/wp-json\/wp\/v2\/product_brand?post=207"},{"taxonomy":"product_cat","embeddable":true,"href":"https:\/\/store.trektours.app\/lv\/wp-json\/wp\/v2\/product_cat?post=207"},{"taxonomy":"product_tag","embeddable":true,"href":"https:\/\/store.trektours.app\/lv\/wp-json\/wp\/v2\/product_tag?post=207"}],"curies":[{"name":"wp","href":"https:\/\/api.w.org\/{rel}","templated":true}]}}